{"id":4591,"date":"2023-10-03T17:46:38","date_gmt":"2023-10-03T15:46:38","guid":{"rendered":"https:\/\/piafglutenfree.com\/?post_type=product&#038;p=4591"},"modified":"2024-05-23T11:11:33","modified_gmt":"2024-05-23T09:11:33","slug":"brioche-individuelle-au-sucre","status":"publish","type":"product","link":"https:\/\/piafglutenfree.com\/de\/boutique\/brioche-individuelle-au-sucre\/","title":{"rendered":"Zuckerbrioches (2 St\u00fcck)"},"content":{"rendered":"<div data-elementor-type=\"product-post\" data-elementor-id=\"4591\" class=\"elementor elementor-4591\" data-elementor-post-type=\"product\">\n\t\t\t\t\t\t\t\t\t<section class=\"elementor-section elementor-top-section elementor-element elementor-element-09f722d elementor-hidden-desktop elementor-hidden-tablet elementor-section-boxed elementor-section-height-default elementor-section-height-default wpr-particle-no wpr-jarallax-no wpr-parallax-no wpr-sticky-section-no\" data-id=\"09f722d\" data-element_type=\"section\">\n\t\t\t\t\t\t<div class=\"elementor-container elementor-column-gap-default\">\n\t\t\t\t\t<div class=\"elementor-column elementor-col-100 elementor-top-column elementor-element elementor-element-2f01ce7\" data-id=\"2f01ce7\" data-element_type=\"column\">\n\t\t\t<div class=\"elementor-widget-wrap elementor-element-populated\">\n\t\t\t\t\t\t\t\t<div class=\"elementor-element elementor-element-5d1e997 elementor-widget elementor-widget-image\" data-id=\"5d1e997\" data-element_type=\"widget\" data-widget_type=\"image.default\">\n\t\t\t\t<div class=\"elementor-widget-container\">\n\t\t\t<style>\/*! elementor - v3.18.0 - 20-12-2023 *\/\n.elementor-widget-image{text-align:center}.elementor-widget-image a{display:inline-block}.elementor-widget-image a img[src$=\".svg\"]{width:48px}.elementor-widget-image img{vertical-align:middle;display:inline-block}<\/style>\t\t\t\t\t\t\t\t\t\t\t\t<img fetchpriority=\"high\" decoding=\"async\" width=\"1024\" height=\"583\" src=\"https:\/\/piafglutenfree.com\/wp-content\/uploads\/2023\/10\/Logos-responsives-telephone-e1716455483150-1024x583.png\" class=\"attachment-large size-large wp-image-6213\" alt=\"\" srcset=\"https:\/\/piafglutenfree.com\/wp-content\/uploads\/2023\/10\/Logos-responsives-telephone-e1716455483150-1024x583.png 1024w, https:\/\/piafglutenfree.com\/wp-content\/uploads\/2023\/10\/Logos-responsives-telephone-e1716455483150-300x171.png 300w, https:\/\/piafglutenfree.com\/wp-content\/uploads\/2023\/10\/Logos-responsives-telephone-e1716455483150-768x437.png 768w, https:\/\/piafglutenfree.com\/wp-content\/uploads\/2023\/10\/Logos-responsives-telephone-e1716455483150-1536x875.png 1536w, https:\/\/piafglutenfree.com\/wp-content\/uploads\/2023\/10\/Logos-responsives-telephone-e1716455483150-18x10.png 18w, https:\/\/piafglutenfree.com\/wp-content\/uploads\/2023\/10\/Logos-responsives-telephone-e1716455483150-600x342.png 600w, https:\/\/piafglutenfree.com\/wp-content\/uploads\/2023\/10\/Logos-responsives-telephone-e1716455483150.png 1877w\" sizes=\"(max-width: 1024px) 100vw, 1024px\" \/>\t\t\t\t\t\t\t\t\t\t\t\t\t\t\t<\/div>\n\t\t\t\t<\/div>\n\t\t\t\t\t<\/div>\n\t\t<\/div>\n\t\t\t\t\t\t\t<\/div>\n\t\t<\/section>\n\t\t\t\t<section class=\"elementor-section elementor-top-section elementor-element elementor-element-faf6e9d elementor-hidden-mobile elementor-section-boxed elementor-section-height-default elementor-section-height-default wpr-particle-no wpr-jarallax-no wpr-parallax-no wpr-sticky-section-no\" data-id=\"faf6e9d\" data-element_type=\"section\">\n\t\t\t\t\t\t<div class=\"elementor-container elementor-column-gap-default\">\n\t\t\t\t\t<div class=\"elementor-column elementor-col-33 elementor-top-column elementor-element elementor-element-82efdea\" data-id=\"82efdea\" data-element_type=\"column\">\n\t\t\t<div class=\"elementor-widget-wrap elementor-element-populated\">\n\t\t\t\t\t\t\t\t<div class=\"elementor-element elementor-element-c9b7a75 elementor-widget elementor-widget-image\" data-id=\"c9b7a75\" data-element_type=\"widget\" data-widget_type=\"image.default\">\n\t\t\t\t<div class=\"elementor-widget-container\">\n\t\t\t\t\t\t\t\t\t\t\t\t\t\t\t<img decoding=\"async\" width=\"512\" height=\"512\" src=\"https:\/\/piafglutenfree.com\/wp-content\/uploads\/2022\/06\/bio-1.png\" class=\"attachment-large size-large wp-image-3786\" alt=\"Logo pour certifier que les produits sans gluten Piaf sont \u00e9labor\u00e9s \u00e0 partir de produits issus de l&#039;agriculture biologique.\" srcset=\"https:\/\/piafglutenfree.com\/wp-content\/uploads\/2022\/06\/bio-1.png 512w, https:\/\/piafglutenfree.com\/wp-content\/uploads\/2022\/06\/bio-1-300x300.png 300w, https:\/\/piafglutenfree.com\/wp-content\/uploads\/2022\/06\/bio-1-150x150.png 150w, https:\/\/piafglutenfree.com\/wp-content\/uploads\/2022\/06\/bio-1-100x100.png 100w\" sizes=\"(max-width: 512px) 100vw, 512px\" \/>\t\t\t\t\t\t\t\t\t\t\t\t\t\t\t<\/div>\n\t\t\t\t<\/div>\n\t\t\t\t\t<\/div>\n\t\t<\/div>\n\t\t\t\t<div class=\"elementor-column elementor-col-33 elementor-top-column elementor-element elementor-element-d51eaf7\" data-id=\"d51eaf7\" data-element_type=\"column\">\n\t\t\t<div class=\"elementor-widget-wrap elementor-element-populated\">\n\t\t\t\t\t\t\t\t<div class=\"elementor-element elementor-element-e106b57 elementor-widget elementor-widget-image\" data-id=\"e106b57\" data-element_type=\"widget\" data-widget_type=\"image.default\">\n\t\t\t\t<div class=\"elementor-widget-container\">\n\t\t\t\t\t\t\t\t\t\t\t\t\t\t\t<img decoding=\"async\" width=\"512\" height=\"512\" src=\"https:\/\/piafglutenfree.com\/wp-content\/uploads\/2022\/06\/gluten-free.png\" class=\"attachment-large size-large wp-image-3780\" alt=\"Logo pour confirmer que les produits Piaf sont sans gluten.\" srcset=\"https:\/\/piafglutenfree.com\/wp-content\/uploads\/2022\/06\/gluten-free.png 512w, https:\/\/piafglutenfree.com\/wp-content\/uploads\/2022\/06\/gluten-free-300x300.png 300w, https:\/\/piafglutenfree.com\/wp-content\/uploads\/2022\/06\/gluten-free-150x150.png 150w, https:\/\/piafglutenfree.com\/wp-content\/uploads\/2022\/06\/gluten-free-100x100.png 100w\" sizes=\"(max-width: 512px) 100vw, 512px\" \/>\t\t\t\t\t\t\t\t\t\t\t\t\t\t\t<\/div>\n\t\t\t\t<\/div>\n\t\t\t\t\t<\/div>\n\t\t<\/div>\n\t\t\t\t<div class=\"elementor-column elementor-col-33 elementor-top-column elementor-element elementor-element-ef90051\" data-id=\"ef90051\" data-element_type=\"column\">\n\t\t\t<div class=\"elementor-widget-wrap elementor-element-populated\">\n\t\t\t\t\t\t\t\t<div class=\"elementor-element elementor-element-9af8b55 elementor-widget elementor-widget-image\" data-id=\"9af8b55\" data-element_type=\"widget\" data-widget_type=\"image.default\">\n\t\t\t\t<div class=\"elementor-widget-container\">\n\t\t\t\t\t\t\t\t\t\t\t\t\t\t\t<img loading=\"lazy\" decoding=\"async\" width=\"512\" height=\"512\" src=\"https:\/\/piafglutenfree.com\/wp-content\/uploads\/2022\/06\/lactose-free.png\" class=\"attachment-large size-large wp-image-3781\" alt=\"Logo pour confirmer que les produits sans gluten Piaf sont \u00e9galement sans lactose.\" srcset=\"https:\/\/piafglutenfree.com\/wp-content\/uploads\/2022\/06\/lactose-free.png 512w, https:\/\/piafglutenfree.com\/wp-content\/uploads\/2022\/06\/lactose-free-300x300.png 300w, https:\/\/piafglutenfree.com\/wp-content\/uploads\/2022\/06\/lactose-free-150x150.png 150w, https:\/\/piafglutenfree.com\/wp-content\/uploads\/2022\/06\/lactose-free-100x100.png 100w\" sizes=\"(max-width: 512px) 100vw, 512px\" \/>\t\t\t\t\t\t\t\t\t\t\t\t\t\t\t<\/div>\n\t\t\t\t<\/div>\n\t\t\t\t\t<\/div>\n\t\t<\/div>\n\t\t\t\t\t\t\t<\/div>\n\t\t<\/section>\n\t\t\t\t<section class=\"elementor-section elementor-top-section elementor-element elementor-element-3ad9aab elementor-section-boxed elementor-section-height-default elementor-section-height-default wpr-particle-no wpr-jarallax-no wpr-parallax-no wpr-sticky-section-no\" data-id=\"3ad9aab\" data-element_type=\"section\">\n\t\t\t\t\t\t<div class=\"elementor-container elementor-column-gap-default\">\n\t\t\t\t\t<div class=\"elementor-column elementor-col-100 elementor-top-column elementor-element elementor-element-90793c9\" data-id=\"90793c9\" data-element_type=\"column\">\n\t\t\t<div class=\"elementor-widget-wrap elementor-element-populated\">\n\t\t\t\t\t\t\t\t<div class=\"elementor-element elementor-element-2f6d6b7 elementor-widget elementor-widget-spacer\" data-id=\"2f6d6b7\" data-element_type=\"widget\" data-widget_type=\"spacer.default\">\n\t\t\t\t<div class=\"elementor-widget-container\">\n\t\t\t<style>\/*! elementor - v3.18.0 - 20-12-2023 *\/\n.elementor-column .elementor-spacer-inner{height:var(--spacer-size)}.e-con{--container-widget-width:100%}.e-con-inner>.elementor-widget-spacer,.e-con>.elementor-widget-spacer{width:var(--container-widget-width,var(--spacer-size));--align-self:var(--container-widget-align-self,initial);--flex-shrink:0}.e-con-inner>.elementor-widget-spacer>.elementor-widget-container,.e-con>.elementor-widget-spacer>.elementor-widget-container{height:100%;width:100%}.e-con-inner>.elementor-widget-spacer>.elementor-widget-container>.elementor-spacer,.e-con>.elementor-widget-spacer>.elementor-widget-container>.elementor-spacer{height:100%}.e-con-inner>.elementor-widget-spacer>.elementor-widget-container>.elementor-spacer>.elementor-spacer-inner,.e-con>.elementor-widget-spacer>.elementor-widget-container>.elementor-spacer>.elementor-spacer-inner{height:var(--container-widget-height,var(--spacer-size))}.e-con-inner>.elementor-widget-spacer.elementor-widget-empty,.e-con>.elementor-widget-spacer.elementor-widget-empty{position:relative;min-height:22px;min-width:22px}.e-con-inner>.elementor-widget-spacer.elementor-widget-empty .elementor-widget-empty-icon,.e-con>.elementor-widget-spacer.elementor-widget-empty .elementor-widget-empty-icon{position:absolute;top:0;bottom:0;left:0;right:0;margin:auto;padding:0;width:22px;height:22px}<\/style>\t\t<div class=\"elementor-spacer\">\n\t\t\t<div class=\"elementor-spacer-inner\"><\/div>\n\t\t<\/div>\n\t\t\t\t<\/div>\n\t\t\t\t<\/div>\n\t\t\t\t<div class=\"elementor-element elementor-element-c7877fc elementor-widget elementor-widget-heading\" data-id=\"c7877fc\" data-element_type=\"widget\" data-widget_type=\"heading.default\">\n\t\t\t\t<div class=\"elementor-widget-container\">\n\t\t\t<style>\/*! elementor - v3.18.0 - 20-12-2023 *\/\n.elementor-heading-title{padding:0;margin:0;line-height:1}.elementor-widget-heading .elementor-heading-title[class*=elementor-size-]>a{color:inherit;font-size:inherit;line-height:inherit}.elementor-widget-heading .elementor-heading-title.elementor-size-small{font-size:15px}.elementor-widget-heading .elementor-heading-title.elementor-size-medium{font-size:19px}.elementor-widget-heading .elementor-heading-title.elementor-size-large{font-size:29px}.elementor-widget-heading .elementor-heading-title.elementor-size-xl{font-size:39px}.elementor-widget-heading .elementor-heading-title.elementor-size-xxl{font-size:59px}<\/style><h4 class=\"elementor-heading-title elementor-size-default\">Zusammensetzung<\/h4>\t\t<\/div>\n\t\t\t\t<\/div>\n\t\t\t\t<div class=\"elementor-element elementor-element-2c810a6 elementor-widget elementor-widget-text-editor\" data-id=\"2c810a6\" data-element_type=\"widget\" data-widget_type=\"text-editor.default\">\n\t\t\t\t<div class=\"elementor-widget-container\">\n\t\t\t<style>\/*! elementor - v3.18.0 - 20-12-2023 *\/\n.elementor-widget-text-editor.elementor-drop-cap-view-stacked .elementor-drop-cap{background-color:#69727d;color:#fff}.elementor-widget-text-editor.elementor-drop-cap-view-framed .elementor-drop-cap{color:#69727d;border:3px solid;background-color:transparent}.elementor-widget-text-editor:not(.elementor-drop-cap-view-default) .elementor-drop-cap{margin-top:8px}.elementor-widget-text-editor:not(.elementor-drop-cap-view-default) .elementor-drop-cap-letter{width:1em;height:1em}.elementor-widget-text-editor .elementor-drop-cap{float:left;text-align:center;line-height:1;font-size:50px}.elementor-widget-text-editor .elementor-drop-cap-letter{display:inline-block}<\/style>\t\t\t\t<p>Reismilch*, Tapiokast\u00e4rke*, Kartoffelst\u00e4rke*, Eigelb*, Wasser, Zuckerperlen*, Reismehl*, Rohrzucker*, Oliven\u00f6l*, B\u00e4ckerhefe*, blondes Psyllium*, Salz.<br \/>*Aus biologischem Anbau.<\/p><p>Unser Labor ist ausschlie\u00dflich f\u00fcr glutenfreie Produkte reserviert, die keine Spuren aufweisen oder zertifiziert sind. Es gibt also keine Spuren von Gluten.<\/p>\t\t\t\t\t\t<\/div>\n\t\t\t\t<\/div>\n\t\t\t\t<div class=\"elementor-element elementor-element-f8c4ee4 elementor-widget elementor-widget-heading\" data-id=\"f8c4ee4\" data-element_type=\"widget\" data-widget_type=\"heading.default\">\n\t\t\t\t<div class=\"elementor-widget-container\">\n\t\t\t<h4 class=\"elementor-heading-title elementor-size-default\">Aufbewahrung\n<\/h4>\t\t<\/div>\n\t\t\t\t<\/div>\n\t\t\t\t<div class=\"elementor-element elementor-element-b7265ab elementor-widget__width-initial elementor-widget elementor-widget-text-editor\" data-id=\"b7265ab\" data-element_type=\"widget\" data-widget_type=\"text-editor.default\">\n\t\t\t\t<div class=\"elementor-widget-container\">\n\t\t\t\t\t\t\t<p>Am selben Tag verzehren. Die Brioches k\u00f6nnen nach 1 oder 2 Tagen als Zutaten in anderen Rezepten verwendet werden.<\/p>\t\t\t\t\t\t<\/div>\n\t\t\t\t<\/div>\n\t\t\t\t\t<\/div>\n\t\t<\/div>\n\t\t\t\t\t\t\t<\/div>\n\t\t<\/section>\n\t\t\t\t\t\t\t<\/div>","protected":false},"excerpt":{"rendered":"<p style=\"font-size: 24px; color: #ddd3c7;\"><span style=\"color: #1d3d90;\">Bio | Glutenfrei | Laktosefrei<\/span><\/p>\n<p>Unsere Zuckerbrioche ist weich und leicht. Gluten- und laktosefrei, hergestellt mit Oliven\u00f6l und Eiern. Vorzugsweise am selben Tag verzehren.<\/p>\n<h4>Beutel mit 2 einzelnen Zuckerbrioches \u00e0 80 g<\/h4>","protected":false},"featured_media":4596,"template":"","meta":{"neve_meta_sidebar":"","neve_meta_container":"","neve_meta_enable_content_width":"off","neve_meta_content_width":100,"neve_meta_title_alignment":"","neve_meta_author_avatar":"","neve_post_elements_order":"","neve_meta_disable_header":"","neve_meta_disable_footer":"","neve_meta_disable_title":""},"product_cat":[35],"product_tag":[],"giftcard-category":[],"class_list":{"0":"post-4591","1":"product","2":"type-product","3":"status-publish","4":"has-post-thumbnail","6":"product_cat-patisseries","7":"has-subscription-plans","9":"first","10":"instock","11":"taxable","12":"shipping-taxable","13":"purchasable","14":"product-type-simple"},"yoast_head":"<!-- This site is optimized with the Yoast SEO plugin v21.9 - https:\/\/yoast.com\/wordpress\/plugins\/seo\/ -->\n<title>Brioches au sucre (2 pi\u00e8ces) - Piaf Gluten Free<\/title>\n<meta name=\"robots\" content=\"index, follow, max-snippet:-1, max-image-preview:large, max-video-preview:-1\" \/>\n<link rel=\"canonical\" href=\"https:\/\/piafglutenfree.com\/de\/boutique\/brioche-individuelle-au-sucre\/\" \/>\n<meta property=\"og:locale\" content=\"de_DE\" \/>\n<meta property=\"og:type\" content=\"article\" \/>\n<meta property=\"og:title\" content=\"Brioches au sucre (2 pi\u00e8ces) - Piaf Gluten Free\" \/>\n<meta property=\"og:description\" content=\"Bio | Sans gluten | Sans lactose Notre brioche au sucre est moelleuse et l\u00e9g\u00e8re. Sans gluten et sans lactose, elle est r\u00e9alis\u00e9e \u00e0 base d&#039;huile d&#039;olive et d&#039;oeufs. A consommer le jour m\u00eame de pr\u00e9f\u00e9rence. Sachet de 2 brioches individuelles au sucre de 80 g\" \/>\n<meta property=\"og:url\" content=\"https:\/\/piafglutenfree.com\/de\/boutique\/brioche-individuelle-au-sucre\/\" \/>\n<meta property=\"og:site_name\" content=\"Piaf Gluten Free\" \/>\n<meta property=\"article:modified_time\" content=\"2024-05-23T09:11:33+00:00\" \/>\n<meta property=\"og:image\" content=\"https:\/\/piafglutenfree.com\/wp-content\/uploads\/2023\/10\/IMG_8785-scaled-e1698677208237.jpg\" \/>\n\t<meta property=\"og:image:width\" content=\"1920\" \/>\n\t<meta property=\"og:image:height\" content=\"1540\" \/>\n\t<meta property=\"og:image:type\" content=\"image\/jpeg\" \/>\n<meta name=\"twitter:card\" content=\"summary_large_image\" \/>\n<script type=\"application\/ld+json\" class=\"yoast-schema-graph\">{\"@context\":\"https:\/\/schema.org\",\"@graph\":[{\"@type\":\"WebPage\",\"@id\":\"https:\/\/piafglutenfree.com\/boutique\/brioche-individuelle-au-sucre\/\",\"url\":\"https:\/\/piafglutenfree.com\/boutique\/brioche-individuelle-au-sucre\/\",\"name\":\"Brioches au sucre (2 pi\u00e8ces) - Piaf Gluten Free\",\"isPartOf\":{\"@id\":\"https:\/\/piafglutenfree.com\/#website\"},\"datePublished\":\"2023-10-03T15:46:38+00:00\",\"dateModified\":\"2024-05-23T09:11:33+00:00\",\"breadcrumb\":{\"@id\":\"https:\/\/piafglutenfree.com\/boutique\/brioche-individuelle-au-sucre\/#breadcrumb\"},\"inLanguage\":\"de\",\"potentialAction\":[{\"@type\":\"ReadAction\",\"target\":[\"https:\/\/piafglutenfree.com\/boutique\/brioche-individuelle-au-sucre\/\"]}]},{\"@type\":\"BreadcrumbList\",\"@id\":\"https:\/\/piafglutenfree.com\/boutique\/brioche-individuelle-au-sucre\/#breadcrumb\",\"itemListElement\":[{\"@type\":\"ListItem\",\"position\":1,\"name\":\"Accueil\",\"item\":\"https:\/\/piafglutenfree.com\/\"},{\"@type\":\"ListItem\",\"position\":2,\"name\":\"Boutique\",\"item\":\"https:\/\/piafglutenfree.com\/boutique\/\"},{\"@type\":\"ListItem\",\"position\":3,\"name\":\"Brioches au sucre (2 pi\u00e8ces)\"}]},{\"@type\":\"WebSite\",\"@id\":\"https:\/\/piafglutenfree.com\/#website\",\"url\":\"https:\/\/piafglutenfree.com\/\",\"name\":\"Piaf Gluten Free\",\"description\":\"Boulangerie artisanale sans gluten\",\"publisher\":{\"@id\":\"https:\/\/piafglutenfree.com\/#organization\"},\"potentialAction\":[{\"@type\":\"SearchAction\",\"target\":{\"@type\":\"EntryPoint\",\"urlTemplate\":\"https:\/\/piafglutenfree.com\/?s={search_term_string}\"},\"query-input\":\"required name=search_term_string\"}],\"inLanguage\":\"de\"},{\"@type\":\"Organization\",\"@id\":\"https:\/\/piafglutenfree.com\/#organization\",\"name\":\"Piaf Gluten Free\",\"url\":\"https:\/\/piafglutenfree.com\/\",\"logo\":{\"@type\":\"ImageObject\",\"inLanguage\":\"de\",\"@id\":\"https:\/\/piafglutenfree.com\/#\/schema\/logo\/image\/\",\"url\":\"https:\/\/piafglutenfree.com\/wp-content\/uploads\/2022\/06\/Piaf_logo_woocommerce.png\",\"contentUrl\":\"https:\/\/piafglutenfree.com\/wp-content\/uploads\/2022\/06\/Piaf_logo_woocommerce.png\",\"width\":408,\"height\":250,\"caption\":\"Piaf Gluten Free\"},\"image\":{\"@id\":\"https:\/\/piafglutenfree.com\/#\/schema\/logo\/image\/\"}}]}<\/script>\n<!-- \/ Yoast SEO plugin. -->","yoast_head_json":{"title":"Brioches au sucre (2 pi\u00e8ces) - Piaf Gluten Free","robots":{"index":"index","follow":"follow","max-snippet":"max-snippet:-1","max-image-preview":"max-image-preview:large","max-video-preview":"max-video-preview:-1"},"canonical":"https:\/\/piafglutenfree.com\/de\/boutique\/brioche-individuelle-au-sucre\/","og_locale":"de_DE","og_type":"article","og_title":"Brioches au sucre (2 pi\u00e8ces) - Piaf Gluten Free","og_description":"Bio | Sans gluten | Sans lactose Notre brioche au sucre est moelleuse et l\u00e9g\u00e8re. Sans gluten et sans lactose, elle est r\u00e9alis\u00e9e \u00e0 base d'huile d'olive et d'oeufs. A consommer le jour m\u00eame de pr\u00e9f\u00e9rence. Sachet de 2 brioches individuelles au sucre de 80 g","og_url":"https:\/\/piafglutenfree.com\/de\/boutique\/brioche-individuelle-au-sucre\/","og_site_name":"Piaf Gluten Free","article_modified_time":"2024-05-23T09:11:33+00:00","og_image":[{"width":1920,"height":1540,"url":"https:\/\/piafglutenfree.com\/wp-content\/uploads\/2023\/10\/IMG_8785-scaled-e1698677208237.jpg","type":"image\/jpeg"}],"twitter_card":"summary_large_image","schema":{"@context":"https:\/\/schema.org","@graph":[{"@type":"WebPage","@id":"https:\/\/piafglutenfree.com\/boutique\/brioche-individuelle-au-sucre\/","url":"https:\/\/piafglutenfree.com\/boutique\/brioche-individuelle-au-sucre\/","name":"Brioches au sucre (2 pi\u00e8ces) - Piaf Gluten Free","isPartOf":{"@id":"https:\/\/piafglutenfree.com\/#website"},"datePublished":"2023-10-03T15:46:38+00:00","dateModified":"2024-05-23T09:11:33+00:00","breadcrumb":{"@id":"https:\/\/piafglutenfree.com\/boutique\/brioche-individuelle-au-sucre\/#breadcrumb"},"inLanguage":"de","potentialAction":[{"@type":"ReadAction","target":["https:\/\/piafglutenfree.com\/boutique\/brioche-individuelle-au-sucre\/"]}]},{"@type":"BreadcrumbList","@id":"https:\/\/piafglutenfree.com\/boutique\/brioche-individuelle-au-sucre\/#breadcrumb","itemListElement":[{"@type":"ListItem","position":1,"name":"Accueil","item":"https:\/\/piafglutenfree.com\/"},{"@type":"ListItem","position":2,"name":"Boutique","item":"https:\/\/piafglutenfree.com\/boutique\/"},{"@type":"ListItem","position":3,"name":"Brioches au sucre (2 pi\u00e8ces)"}]},{"@type":"WebSite","@id":"https:\/\/piafglutenfree.com\/#website","url":"https:\/\/piafglutenfree.com\/","name":"Piaf Gluten Free","description":"Boulangerie artisanale sans gluten","publisher":{"@id":"https:\/\/piafglutenfree.com\/#organization"},"potentialAction":[{"@type":"SearchAction","target":{"@type":"EntryPoint","urlTemplate":"https:\/\/piafglutenfree.com\/?s={search_term_string}"},"query-input":"required name=search_term_string"}],"inLanguage":"de"},{"@type":"Organization","@id":"https:\/\/piafglutenfree.com\/#organization","name":"Piaf Gluten Free","url":"https:\/\/piafglutenfree.com\/","logo":{"@type":"ImageObject","inLanguage":"de","@id":"https:\/\/piafglutenfree.com\/#\/schema\/logo\/image\/","url":"https:\/\/piafglutenfree.com\/wp-content\/uploads\/2022\/06\/Piaf_logo_woocommerce.png","contentUrl":"https:\/\/piafglutenfree.com\/wp-content\/uploads\/2022\/06\/Piaf_logo_woocommerce.png","width":408,"height":250,"caption":"Piaf Gluten Free"},"image":{"@id":"https:\/\/piafglutenfree.com\/#\/schema\/logo\/image\/"}}]}},"jetpack_sharing_enabled":true,"_links":{"self":[{"href":"https:\/\/piafglutenfree.com\/de\/wp-json\/wp\/v2\/product\/4591","targetHints":{"allow":["GET"]}}],"collection":[{"href":"https:\/\/piafglutenfree.com\/de\/wp-json\/wp\/v2\/product"}],"about":[{"href":"https:\/\/piafglutenfree.com\/de\/wp-json\/wp\/v2\/types\/product"}],"version-history":[{"count":15,"href":"https:\/\/piafglutenfree.com\/de\/wp-json\/wp\/v2\/product\/4591\/revisions"}],"predecessor-version":[{"id":6219,"href":"https:\/\/piafglutenfree.com\/de\/wp-json\/wp\/v2\/product\/4591\/revisions\/6219"}],"wp:featuredmedia":[{"embeddable":true,"href":"https:\/\/piafglutenfree.com\/de\/wp-json\/wp\/v2\/media\/4596"}],"wp:attachment":[{"href":"https:\/\/piafglutenfree.com\/de\/wp-json\/wp\/v2\/media?parent=4591"}],"wp:term":[{"taxonomy":"product_cat","embeddable":true,"href":"https:\/\/piafglutenfree.com\/de\/wp-json\/wp\/v2\/product_cat?post=4591"},{"taxonomy":"product_tag","embeddable":true,"href":"https:\/\/piafglutenfree.com\/de\/wp-json\/wp\/v2\/product_tag?post=4591"},{"taxonomy":"giftcard-category","embeddable":true,"href":"https:\/\/piafglutenfree.com\/de\/wp-json\/wp\/v2\/giftcard-category?post=4591"}],"curies":[{"name":"wp","href":"https:\/\/api.w.org\/{rel}","templated":true}]}}