{"id":2759,"date":"2022-06-18T18:53:55","date_gmt":"2022-06-18T16:53:55","guid":{"rendered":"https:\/\/piafglutenfree.com\/?post_type=product&#038;p=2759"},"modified":"2024-02-21T16:19:34","modified_gmt":"2024-02-21T15:19:34","slug":"bagel","status":"publish","type":"product","link":"https:\/\/piafglutenfree.com\/de\/boutique\/bagel\/","title":{"rendered":"Bagels (4 St\u00fcck)"},"content":{"rendered":"<div data-elementor-type=\"product-post\" data-elementor-id=\"2759\" class=\"elementor elementor-2759\" data-elementor-post-type=\"product\">\n\t\t\t\t\t\t\t\t\t<section class=\"elementor-section elementor-top-section elementor-element elementor-element-09f722d elementor-hidden-desktop elementor-hidden-tablet elementor-section-boxed elementor-section-height-default elementor-section-height-default wpr-particle-no wpr-jarallax-no wpr-parallax-no wpr-sticky-section-no\" data-id=\"09f722d\" data-element_type=\"section\">\n\t\t\t\t\t\t<div class=\"elementor-container elementor-column-gap-default\">\n\t\t\t\t\t<div class=\"elementor-column elementor-col-100 elementor-top-column elementor-element elementor-element-2f01ce7\" data-id=\"2f01ce7\" data-element_type=\"column\">\n\t\t\t<div class=\"elementor-widget-wrap elementor-element-populated\">\n\t\t\t\t\t\t\t\t<div class=\"elementor-element elementor-element-5d1e997 elementor-widget elementor-widget-image\" data-id=\"5d1e997\" data-element_type=\"widget\" data-widget_type=\"image.default\">\n\t\t\t\t<div class=\"elementor-widget-container\">\n\t\t\t<style>\/*! elementor - v3.18.0 - 20-12-2023 *\/\n.elementor-widget-image{text-align:center}.elementor-widget-image a{display:inline-block}.elementor-widget-image a img[src$=\".svg\"]{width:48px}.elementor-widget-image img{vertical-align:middle;display:inline-block}<\/style>\t\t\t\t\t\t\t\t\t\t\t\t<img fetchpriority=\"high\" decoding=\"async\" width=\"1024\" height=\"444\" src=\"https:\/\/piafglutenfree.com\/wp-content\/uploads\/2022\/06\/Logos-responsives-telephone-1024x444.png\" class=\"attachment-large size-large wp-image-3855\" alt=\"Certification bio, sans gluten, sans lactose et vegan du produit\" srcset=\"https:\/\/piafglutenfree.com\/wp-content\/uploads\/2022\/06\/Logos-responsives-telephone-1024x444.png 1024w, https:\/\/piafglutenfree.com\/wp-content\/uploads\/2022\/06\/Logos-responsives-telephone-300x130.png 300w, https:\/\/piafglutenfree.com\/wp-content\/uploads\/2022\/06\/Logos-responsives-telephone-768x333.png 768w, https:\/\/piafglutenfree.com\/wp-content\/uploads\/2022\/06\/Logos-responsives-telephone-1536x666.png 1536w, https:\/\/piafglutenfree.com\/wp-content\/uploads\/2022\/06\/Logos-responsives-telephone-2048x888.png 2048w, https:\/\/piafglutenfree.com\/wp-content\/uploads\/2022\/06\/Logos-responsives-telephone-600x260.png 600w\" sizes=\"(max-width: 1024px) 100vw, 1024px\" \/>\t\t\t\t\t\t\t\t\t\t\t\t\t\t\t<\/div>\n\t\t\t\t<\/div>\n\t\t\t\t\t<\/div>\n\t\t<\/div>\n\t\t\t\t\t\t\t<\/div>\n\t\t<\/section>\n\t\t\t\t<section class=\"elementor-section elementor-top-section elementor-element elementor-element-faf6e9d elementor-hidden-mobile elementor-section-boxed elementor-section-height-default elementor-section-height-default wpr-particle-no wpr-jarallax-no wpr-parallax-no wpr-sticky-section-no\" data-id=\"faf6e9d\" data-element_type=\"section\">\n\t\t\t\t\t\t<div class=\"elementor-container elementor-column-gap-default\">\n\t\t\t\t\t<div class=\"elementor-column elementor-col-25 elementor-top-column elementor-element elementor-element-82efdea\" data-id=\"82efdea\" data-element_type=\"column\">\n\t\t\t<div class=\"elementor-widget-wrap elementor-element-populated\">\n\t\t\t\t\t\t\t\t<div class=\"elementor-element elementor-element-c9b7a75 elementor-widget elementor-widget-image\" data-id=\"c9b7a75\" data-element_type=\"widget\" data-widget_type=\"image.default\">\n\t\t\t\t<div class=\"elementor-widget-container\">\n\t\t\t\t\t\t\t\t\t\t\t\t\t\t\t<img decoding=\"async\" width=\"512\" height=\"512\" src=\"https:\/\/piafglutenfree.com\/wp-content\/uploads\/2022\/06\/bio-1.png\" class=\"attachment-large size-large wp-image-3786\" alt=\"Logo pour certifier que les produits sans gluten Piaf sont \u00e9labor\u00e9s \u00e0 partir de produits issus de l&#039;agriculture biologique.\" srcset=\"https:\/\/piafglutenfree.com\/wp-content\/uploads\/2022\/06\/bio-1.png 512w, https:\/\/piafglutenfree.com\/wp-content\/uploads\/2022\/06\/bio-1-300x300.png 300w, https:\/\/piafglutenfree.com\/wp-content\/uploads\/2022\/06\/bio-1-150x150.png 150w, https:\/\/piafglutenfree.com\/wp-content\/uploads\/2022\/06\/bio-1-100x100.png 100w\" sizes=\"(max-width: 512px) 100vw, 512px\" \/>\t\t\t\t\t\t\t\t\t\t\t\t\t\t\t<\/div>\n\t\t\t\t<\/div>\n\t\t\t\t\t<\/div>\n\t\t<\/div>\n\t\t\t\t<div class=\"elementor-column elementor-col-25 elementor-top-column elementor-element elementor-element-d51eaf7\" data-id=\"d51eaf7\" data-element_type=\"column\">\n\t\t\t<div class=\"elementor-widget-wrap elementor-element-populated\">\n\t\t\t\t\t\t\t\t<div class=\"elementor-element elementor-element-e106b57 elementor-widget elementor-widget-image\" data-id=\"e106b57\" data-element_type=\"widget\" data-widget_type=\"image.default\">\n\t\t\t\t<div class=\"elementor-widget-container\">\n\t\t\t\t\t\t\t\t\t\t\t\t\t\t\t<img decoding=\"async\" width=\"512\" height=\"512\" src=\"https:\/\/piafglutenfree.com\/wp-content\/uploads\/2022\/06\/gluten-free.png\" class=\"attachment-large size-large wp-image-3780\" alt=\"Logo pour confirmer que les produits Piaf sont sans gluten.\" srcset=\"https:\/\/piafglutenfree.com\/wp-content\/uploads\/2022\/06\/gluten-free.png 512w, https:\/\/piafglutenfree.com\/wp-content\/uploads\/2022\/06\/gluten-free-300x300.png 300w, https:\/\/piafglutenfree.com\/wp-content\/uploads\/2022\/06\/gluten-free-150x150.png 150w, https:\/\/piafglutenfree.com\/wp-content\/uploads\/2022\/06\/gluten-free-100x100.png 100w\" sizes=\"(max-width: 512px) 100vw, 512px\" \/>\t\t\t\t\t\t\t\t\t\t\t\t\t\t\t<\/div>\n\t\t\t\t<\/div>\n\t\t\t\t\t<\/div>\n\t\t<\/div>\n\t\t\t\t<div class=\"elementor-column elementor-col-25 elementor-top-column elementor-element elementor-element-ef90051\" data-id=\"ef90051\" data-element_type=\"column\">\n\t\t\t<div class=\"elementor-widget-wrap elementor-element-populated\">\n\t\t\t\t\t\t\t\t<div class=\"elementor-element elementor-element-9af8b55 elementor-widget elementor-widget-image\" data-id=\"9af8b55\" data-element_type=\"widget\" data-widget_type=\"image.default\">\n\t\t\t\t<div class=\"elementor-widget-container\">\n\t\t\t\t\t\t\t\t\t\t\t\t\t\t\t<img loading=\"lazy\" decoding=\"async\" width=\"512\" height=\"512\" src=\"https:\/\/piafglutenfree.com\/wp-content\/uploads\/2022\/06\/lactose-free.png\" class=\"attachment-large size-large wp-image-3781\" alt=\"Logo pour confirmer que les produits sans gluten Piaf sont \u00e9galement sans lactose.\" srcset=\"https:\/\/piafglutenfree.com\/wp-content\/uploads\/2022\/06\/lactose-free.png 512w, https:\/\/piafglutenfree.com\/wp-content\/uploads\/2022\/06\/lactose-free-300x300.png 300w, https:\/\/piafglutenfree.com\/wp-content\/uploads\/2022\/06\/lactose-free-150x150.png 150w, https:\/\/piafglutenfree.com\/wp-content\/uploads\/2022\/06\/lactose-free-100x100.png 100w\" sizes=\"(max-width: 512px) 100vw, 512px\" \/>\t\t\t\t\t\t\t\t\t\t\t\t\t\t\t<\/div>\n\t\t\t\t<\/div>\n\t\t\t\t\t<\/div>\n\t\t<\/div>\n\t\t\t\t<div class=\"elementor-column elementor-col-25 elementor-top-column elementor-element elementor-element-5f16deb\" data-id=\"5f16deb\" data-element_type=\"column\">\n\t\t\t<div class=\"elementor-widget-wrap elementor-element-populated\">\n\t\t\t\t\t\t\t\t<div class=\"elementor-element elementor-element-86e6bbd elementor-widget elementor-widget-image\" data-id=\"86e6bbd\" data-element_type=\"widget\" data-widget_type=\"image.default\">\n\t\t\t\t<div class=\"elementor-widget-container\">\n\t\t\t\t\t\t\t\t\t\t\t\t\t\t\t<img loading=\"lazy\" decoding=\"async\" width=\"512\" height=\"512\" src=\"https:\/\/piafglutenfree.com\/wp-content\/uploads\/2022\/06\/vegan.png\" class=\"attachment-large size-large wp-image-3782\" alt=\"Logo pour confirmer que les produits sans gluten Piaf sont \u00e9galement vegan.\" srcset=\"https:\/\/piafglutenfree.com\/wp-content\/uploads\/2022\/06\/vegan.png 512w, https:\/\/piafglutenfree.com\/wp-content\/uploads\/2022\/06\/vegan-300x300.png 300w, https:\/\/piafglutenfree.com\/wp-content\/uploads\/2022\/06\/vegan-150x150.png 150w, https:\/\/piafglutenfree.com\/wp-content\/uploads\/2022\/06\/vegan-100x100.png 100w\" sizes=\"(max-width: 512px) 100vw, 512px\" \/>\t\t\t\t\t\t\t\t\t\t\t\t\t\t\t<\/div>\n\t\t\t\t<\/div>\n\t\t\t\t\t<\/div>\n\t\t<\/div>\n\t\t\t\t\t\t\t<\/div>\n\t\t<\/section>\n\t\t\t\t<section class=\"elementor-section elementor-top-section elementor-element elementor-element-3ad9aab elementor-section-boxed elementor-section-height-default elementor-section-height-default wpr-particle-no wpr-jarallax-no wpr-parallax-no wpr-sticky-section-no\" data-id=\"3ad9aab\" data-element_type=\"section\">\n\t\t\t\t\t\t<div class=\"elementor-container elementor-column-gap-default\">\n\t\t\t\t\t<div class=\"elementor-column elementor-col-100 elementor-top-column elementor-element elementor-element-90793c9\" data-id=\"90793c9\" data-element_type=\"column\">\n\t\t\t<div class=\"elementor-widget-wrap elementor-element-populated\">\n\t\t\t\t\t\t\t\t<div class=\"elementor-element elementor-element-2f6d6b7 elementor-widget elementor-widget-spacer\" data-id=\"2f6d6b7\" data-element_type=\"widget\" data-widget_type=\"spacer.default\">\n\t\t\t\t<div class=\"elementor-widget-container\">\n\t\t\t<style>\/*! elementor - v3.18.0 - 20-12-2023 *\/\n.elementor-column .elementor-spacer-inner{height:var(--spacer-size)}.e-con{--container-widget-width:100%}.e-con-inner>.elementor-widget-spacer,.e-con>.elementor-widget-spacer{width:var(--container-widget-width,var(--spacer-size));--align-self:var(--container-widget-align-self,initial);--flex-shrink:0}.e-con-inner>.elementor-widget-spacer>.elementor-widget-container,.e-con>.elementor-widget-spacer>.elementor-widget-container{height:100%;width:100%}.e-con-inner>.elementor-widget-spacer>.elementor-widget-container>.elementor-spacer,.e-con>.elementor-widget-spacer>.elementor-widget-container>.elementor-spacer{height:100%}.e-con-inner>.elementor-widget-spacer>.elementor-widget-container>.elementor-spacer>.elementor-spacer-inner,.e-con>.elementor-widget-spacer>.elementor-widget-container>.elementor-spacer>.elementor-spacer-inner{height:var(--container-widget-height,var(--spacer-size))}.e-con-inner>.elementor-widget-spacer.elementor-widget-empty,.e-con>.elementor-widget-spacer.elementor-widget-empty{position:relative;min-height:22px;min-width:22px}.e-con-inner>.elementor-widget-spacer.elementor-widget-empty .elementor-widget-empty-icon,.e-con>.elementor-widget-spacer.elementor-widget-empty .elementor-widget-empty-icon{position:absolute;top:0;bottom:0;left:0;right:0;margin:auto;padding:0;width:22px;height:22px}<\/style>\t\t<div class=\"elementor-spacer\">\n\t\t\t<div class=\"elementor-spacer-inner\"><\/div>\n\t\t<\/div>\n\t\t\t\t<\/div>\n\t\t\t\t<\/div>\n\t\t\t\t<div class=\"elementor-element elementor-element-c7877fc elementor-widget elementor-widget-heading\" data-id=\"c7877fc\" data-element_type=\"widget\" data-widget_type=\"heading.default\">\n\t\t\t\t<div class=\"elementor-widget-container\">\n\t\t\t<style>\/*! elementor - v3.18.0 - 20-12-2023 *\/\n.elementor-heading-title{padding:0;margin:0;line-height:1}.elementor-widget-heading .elementor-heading-title[class*=elementor-size-]>a{color:inherit;font-size:inherit;line-height:inherit}.elementor-widget-heading .elementor-heading-title.elementor-size-small{font-size:15px}.elementor-widget-heading .elementor-heading-title.elementor-size-medium{font-size:19px}.elementor-widget-heading .elementor-heading-title.elementor-size-large{font-size:29px}.elementor-widget-heading .elementor-heading-title.elementor-size-xl{font-size:39px}.elementor-widget-heading .elementor-heading-title.elementor-size-xxl{font-size:59px}<\/style><h4 class=\"elementor-heading-title elementor-size-default\">Zusammensetzung<\/h4>\t\t<\/div>\n\t\t\t\t<\/div>\n\t\t\t\t<div class=\"elementor-element elementor-element-2c810a6 elementor-widget elementor-widget-text-editor\" data-id=\"2c810a6\" data-element_type=\"widget\" data-widget_type=\"text-editor.default\">\n\t\t\t\t<div class=\"elementor-widget-container\">\n\t\t\t<style>\/*! elementor - v3.18.0 - 20-12-2023 *\/\n.elementor-widget-text-editor.elementor-drop-cap-view-stacked .elementor-drop-cap{background-color:#69727d;color:#fff}.elementor-widget-text-editor.elementor-drop-cap-view-framed .elementor-drop-cap{color:#69727d;border:3px solid;background-color:transparent}.elementor-widget-text-editor:not(.elementor-drop-cap-view-default) .elementor-drop-cap{margin-top:8px}.elementor-widget-text-editor:not(.elementor-drop-cap-view-default) .elementor-drop-cap-letter{width:1em;height:1em}.elementor-widget-text-editor .elementor-drop-cap{float:left;text-align:center;line-height:1;font-size:50px}.elementor-widget-text-editor .elementor-drop-cap-letter{display:inline-block}<\/style>\t\t\t\t<p>Wasser, Reismilch*, Tapiokast\u00e4rke*, Hirsemehl*, Reismehl*, blondes Psyllium*, Xanthangummi*, B\u00e4ckerhefe*, SESAMsamen*, Mohnsamen*, Salz.<br \/>*Aus biologischem Anbau.<\/p><p>Unser Labor ist ausschlie\u00dflich f\u00fcr glutenfreie Produkte reserviert, die keine Spuren aufweisen oder zertifiziert sind. Es gibt also keine Spuren von Gluten.<\/p>\t\t\t\t\t\t<\/div>\n\t\t\t\t<\/div>\n\t\t\t\t<div class=\"elementor-element elementor-element-f8c4ee4 elementor-widget elementor-widget-heading\" data-id=\"f8c4ee4\" data-element_type=\"widget\" data-widget_type=\"heading.default\">\n\t\t\t\t<div class=\"elementor-widget-container\">\n\t\t\t<h4 class=\"elementor-heading-title elementor-size-default\">Aufbewahrung\n<\/h4>\t\t<\/div>\n\t\t\t\t<\/div>\n\t\t\t\t<div class=\"elementor-element elementor-element-b7265ab elementor-widget elementor-widget-text-editor\" data-id=\"b7265ab\" data-element_type=\"widget\" data-widget_type=\"text-editor.default\">\n\t\t\t\t<div class=\"elementor-widget-container\">\n\t\t\t\t\t\t\t<p>Am besten am selben Tag verzehren, unsere Bagels halten einige Tage in einer trockenen und k\u00fchlen Umgebung und sind nach dem Aufw\u00e4rmen im Toaster k\u00f6stlich.<br \/>Sie k\u00f6nnen sie auch f\u00fcr 2 bis 3 Monate einfrieren. Wenn sie halbiert sind, k\u00f6nnen sie leicht im Toaster aufgetaut werden.<\/p>\t\t\t\t\t\t<\/div>\n\t\t\t\t<\/div>\n\t\t\t\t<div class=\"elementor-element elementor-element-9df5e0a elementor-widget elementor-widget-heading\" data-id=\"9df5e0a\" data-element_type=\"widget\" data-widget_type=\"heading.default\">\n\t\t\t\t<div class=\"elementor-widget-container\">\n\t\t\t<h4 class=\"elementor-heading-title elementor-size-default\">N\u00e4hrwerte (pro 100 g)\n<\/h4>\t\t<\/div>\n\t\t\t\t<\/div>\n\t\t\t\t<div class=\"elementor-element elementor-element-a672e22 elementor-widget elementor-widget-text-editor\" data-id=\"a672e22\" data-element_type=\"widget\" data-widget_type=\"text-editor.default\">\n\t\t\t\t<div class=\"elementor-widget-container\">\n\t\t\t\t\t\t\t<p>Energie in kJ: 1242 kJ<br \/>Energie in kcal: 293 kcal<br \/>Fett: 3.8 g<br \/>davon ges\u00e4ttigte Fetts\u00e4uren: 1.3 g<br \/>Kohlenhydrate: 60 g<br \/>davon Zucker: &lt; 0.5 g<br \/>Protein: 4.8 g<br \/>Salz: 1.7 g<\/p>\t\t\t\t\t\t<\/div>\n\t\t\t\t<\/div>\n\t\t\t\t\t<\/div>\n\t\t<\/div>\n\t\t\t\t\t\t\t<\/div>\n\t\t<\/section>\n\t\t\t\t\t\t\t<\/div>","protected":false},"excerpt":{"rendered":"<p style=\"font-size: 24px; color: #ddd3c7;\"><span style=\"color: #1d3d90;\">Bio | Glutenfrei | Laktosefrei | Vegan<\/span><\/p>\n<p>Der ber\u00fchmte New Yorker Bagel in seiner glutenfreien Version. Gekocht und dann gebacken, haben die Piaf Bagels eine sch\u00f6ne feste Textur: weich im Inneren und knusprig au\u00dfen.<\/p>\n<h4>Packung mit 4 Bagels \u00e0 130 g<\/h4>","protected":false},"featured_media":3180,"template":"","meta":{"neve_meta_sidebar":"","neve_meta_container":"","neve_meta_enable_content_width":"off","neve_meta_content_width":100,"neve_meta_title_alignment":"","neve_meta_author_avatar":"","neve_post_elements_order":"","neve_meta_disable_header":"","neve_meta_disable_footer":"","neve_meta_disable_title":""},"product_cat":[23],"product_tag":[],"giftcard-category":[],"class_list":{"0":"post-2759","1":"product","2":"type-product","3":"status-publish","4":"has-post-thumbnail","6":"product_cat-bagel","7":"has-subscription-plans","9":"first","10":"instock","11":"taxable","12":"shipping-taxable","13":"purchasable","14":"product-type-variable"},"yoast_head":"<!-- This site is optimized with the Yoast SEO plugin v21.9 - https:\/\/yoast.com\/wordpress\/plugins\/seo\/ -->\n<title>Bagels (4 pi\u00e8ces) - Piaf Gluten Free<\/title>\n<meta name=\"robots\" content=\"index, follow, max-snippet:-1, max-image-preview:large, max-video-preview:-1\" \/>\n<link rel=\"canonical\" href=\"https:\/\/piafglutenfree.com\/de\/boutique\/bagel\/\" \/>\n<meta property=\"og:locale\" content=\"de_DE\" \/>\n<meta property=\"og:type\" content=\"article\" \/>\n<meta property=\"og:title\" content=\"Bagels (4 pi\u00e8ces) - Piaf Gluten Free\" \/>\n<meta property=\"og:description\" content=\"Bio | Sans gluten | Sans lactose | Vegan Le tr\u00e8s c\u00e9l\u00e8bre bagel New-Yorkais dans sa version sans gluten. Bouillis puis cuits au four, les bagels Piaf ont une jolie texture ferme\u00a0: moelleux \u00e0 l\u2019int\u00e9rieur et croustillant \u00e0 l\u2019ext\u00e9rieur. Sachet de 4 bagels de 150 g\" \/>\n<meta property=\"og:url\" content=\"https:\/\/piafglutenfree.com\/de\/boutique\/bagel\/\" \/>\n<meta property=\"og:site_name\" content=\"Piaf Gluten Free\" \/>\n<meta property=\"article:modified_time\" content=\"2024-02-21T15:19:34+00:00\" \/>\n<meta property=\"og:image\" content=\"https:\/\/piafglutenfree.com\/wp-content\/uploads\/2022\/06\/produits-bagels.jpg\" \/>\n\t<meta property=\"og:image:width\" content=\"800\" \/>\n\t<meta property=\"og:image:height\" content=\"640\" \/>\n\t<meta property=\"og:image:type\" content=\"image\/jpeg\" \/>\n<meta name=\"twitter:card\" content=\"summary_large_image\" \/>\n<script type=\"application\/ld+json\" class=\"yoast-schema-graph\">{\"@context\":\"https:\/\/schema.org\",\"@graph\":[{\"@type\":\"WebPage\",\"@id\":\"https:\/\/piafglutenfree.com\/boutique\/bagel\/\",\"url\":\"https:\/\/piafglutenfree.com\/boutique\/bagel\/\",\"name\":\"Bagels (4 pi\u00e8ces) - Piaf Gluten Free\",\"isPartOf\":{\"@id\":\"https:\/\/piafglutenfree.com\/#website\"},\"datePublished\":\"2022-06-18T16:53:55+00:00\",\"dateModified\":\"2024-02-21T15:19:34+00:00\",\"breadcrumb\":{\"@id\":\"https:\/\/piafglutenfree.com\/boutique\/bagel\/#breadcrumb\"},\"inLanguage\":\"de\",\"potentialAction\":[{\"@type\":\"ReadAction\",\"target\":[\"https:\/\/piafglutenfree.com\/boutique\/bagel\/\"]}]},{\"@type\":\"BreadcrumbList\",\"@id\":\"https:\/\/piafglutenfree.com\/boutique\/bagel\/#breadcrumb\",\"itemListElement\":[{\"@type\":\"ListItem\",\"position\":1,\"name\":\"Accueil\",\"item\":\"https:\/\/piafglutenfree.com\/\"},{\"@type\":\"ListItem\",\"position\":2,\"name\":\"Boutique\",\"item\":\"https:\/\/piafglutenfree.com\/boutique\/\"},{\"@type\":\"ListItem\",\"position\":3,\"name\":\"Bagels (4 pi\u00e8ces)\"}]},{\"@type\":\"WebSite\",\"@id\":\"https:\/\/piafglutenfree.com\/#website\",\"url\":\"https:\/\/piafglutenfree.com\/\",\"name\":\"Piaf Gluten Free\",\"description\":\"Boulangerie artisanale sans gluten\",\"publisher\":{\"@id\":\"https:\/\/piafglutenfree.com\/#organization\"},\"potentialAction\":[{\"@type\":\"SearchAction\",\"target\":{\"@type\":\"EntryPoint\",\"urlTemplate\":\"https:\/\/piafglutenfree.com\/?s={search_term_string}\"},\"query-input\":\"required name=search_term_string\"}],\"inLanguage\":\"de\"},{\"@type\":\"Organization\",\"@id\":\"https:\/\/piafglutenfree.com\/#organization\",\"name\":\"Piaf Gluten Free\",\"url\":\"https:\/\/piafglutenfree.com\/\",\"logo\":{\"@type\":\"ImageObject\",\"inLanguage\":\"de\",\"@id\":\"https:\/\/piafglutenfree.com\/#\/schema\/logo\/image\/\",\"url\":\"https:\/\/piafglutenfree.com\/wp-content\/uploads\/2022\/06\/Piaf_logo_woocommerce.png\",\"contentUrl\":\"https:\/\/piafglutenfree.com\/wp-content\/uploads\/2022\/06\/Piaf_logo_woocommerce.png\",\"width\":408,\"height\":250,\"caption\":\"Piaf Gluten Free\"},\"image\":{\"@id\":\"https:\/\/piafglutenfree.com\/#\/schema\/logo\/image\/\"}}]}<\/script>\n<!-- \/ Yoast SEO plugin. -->","yoast_head_json":{"title":"Bagels (4 pi\u00e8ces) - Piaf Gluten Free","robots":{"index":"index","follow":"follow","max-snippet":"max-snippet:-1","max-image-preview":"max-image-preview:large","max-video-preview":"max-video-preview:-1"},"canonical":"https:\/\/piafglutenfree.com\/de\/boutique\/bagel\/","og_locale":"de_DE","og_type":"article","og_title":"Bagels (4 pi\u00e8ces) - Piaf Gluten Free","og_description":"Bio | Sans gluten | Sans lactose | Vegan Le tr\u00e8s c\u00e9l\u00e8bre bagel New-Yorkais dans sa version sans gluten. Bouillis puis cuits au four, les bagels Piaf ont une jolie texture ferme\u00a0: moelleux \u00e0 l\u2019int\u00e9rieur et croustillant \u00e0 l\u2019ext\u00e9rieur. Sachet de 4 bagels de 150 g","og_url":"https:\/\/piafglutenfree.com\/de\/boutique\/bagel\/","og_site_name":"Piaf Gluten Free","article_modified_time":"2024-02-21T15:19:34+00:00","og_image":[{"width":800,"height":640,"url":"https:\/\/piafglutenfree.com\/wp-content\/uploads\/2022\/06\/produits-bagels.jpg","type":"image\/jpeg"}],"twitter_card":"summary_large_image","schema":{"@context":"https:\/\/schema.org","@graph":[{"@type":"WebPage","@id":"https:\/\/piafglutenfree.com\/boutique\/bagel\/","url":"https:\/\/piafglutenfree.com\/boutique\/bagel\/","name":"Bagels (4 pi\u00e8ces) - Piaf Gluten Free","isPartOf":{"@id":"https:\/\/piafglutenfree.com\/#website"},"datePublished":"2022-06-18T16:53:55+00:00","dateModified":"2024-02-21T15:19:34+00:00","breadcrumb":{"@id":"https:\/\/piafglutenfree.com\/boutique\/bagel\/#breadcrumb"},"inLanguage":"de","potentialAction":[{"@type":"ReadAction","target":["https:\/\/piafglutenfree.com\/boutique\/bagel\/"]}]},{"@type":"BreadcrumbList","@id":"https:\/\/piafglutenfree.com\/boutique\/bagel\/#breadcrumb","itemListElement":[{"@type":"ListItem","position":1,"name":"Accueil","item":"https:\/\/piafglutenfree.com\/"},{"@type":"ListItem","position":2,"name":"Boutique","item":"https:\/\/piafglutenfree.com\/boutique\/"},{"@type":"ListItem","position":3,"name":"Bagels (4 pi\u00e8ces)"}]},{"@type":"WebSite","@id":"https:\/\/piafglutenfree.com\/#website","url":"https:\/\/piafglutenfree.com\/","name":"Piaf Gluten Free","description":"Boulangerie artisanale sans gluten","publisher":{"@id":"https:\/\/piafglutenfree.com\/#organization"},"potentialAction":[{"@type":"SearchAction","target":{"@type":"EntryPoint","urlTemplate":"https:\/\/piafglutenfree.com\/?s={search_term_string}"},"query-input":"required name=search_term_string"}],"inLanguage":"de"},{"@type":"Organization","@id":"https:\/\/piafglutenfree.com\/#organization","name":"Piaf Gluten Free","url":"https:\/\/piafglutenfree.com\/","logo":{"@type":"ImageObject","inLanguage":"de","@id":"https:\/\/piafglutenfree.com\/#\/schema\/logo\/image\/","url":"https:\/\/piafglutenfree.com\/wp-content\/uploads\/2022\/06\/Piaf_logo_woocommerce.png","contentUrl":"https:\/\/piafglutenfree.com\/wp-content\/uploads\/2022\/06\/Piaf_logo_woocommerce.png","width":408,"height":250,"caption":"Piaf Gluten Free"},"image":{"@id":"https:\/\/piafglutenfree.com\/#\/schema\/logo\/image\/"}}]}},"jetpack_sharing_enabled":true,"_links":{"self":[{"href":"https:\/\/piafglutenfree.com\/de\/wp-json\/wp\/v2\/product\/2759","targetHints":{"allow":["GET"]}}],"collection":[{"href":"https:\/\/piafglutenfree.com\/de\/wp-json\/wp\/v2\/product"}],"about":[{"href":"https:\/\/piafglutenfree.com\/de\/wp-json\/wp\/v2\/types\/product"}],"version-history":[{"count":68,"href":"https:\/\/piafglutenfree.com\/de\/wp-json\/wp\/v2\/product\/2759\/revisions"}],"predecessor-version":[{"id":5578,"href":"https:\/\/piafglutenfree.com\/de\/wp-json\/wp\/v2\/product\/2759\/revisions\/5578"}],"wp:featuredmedia":[{"embeddable":true,"href":"https:\/\/piafglutenfree.com\/de\/wp-json\/wp\/v2\/media\/3180"}],"wp:attachment":[{"href":"https:\/\/piafglutenfree.com\/de\/wp-json\/wp\/v2\/media?parent=2759"}],"wp:term":[{"taxonomy":"product_cat","embeddable":true,"href":"https:\/\/piafglutenfree.com\/de\/wp-json\/wp\/v2\/product_cat?post=2759"},{"taxonomy":"product_tag","embeddable":true,"href":"https:\/\/piafglutenfree.com\/de\/wp-json\/wp\/v2\/product_tag?post=2759"},{"taxonomy":"giftcard-category","embeddable":true,"href":"https:\/\/piafglutenfree.com\/de\/wp-json\/wp\/v2\/giftcard-category?post=2759"}],"curies":[{"name":"wp","href":"https:\/\/api.w.org\/{rel}","templated":true}]}}