{"id":2729,"date":"2022-06-18T17:42:45","date_gmt":"2022-06-18T15:42:45","guid":{"rendered":"https:\/\/piafglutenfree.com\/?post_type=product&#038;p=2729"},"modified":"2024-02-21T16:28:33","modified_gmt":"2024-02-21T15:28:33","slug":"boule-au-levain","status":"publish","type":"product","link":"https:\/\/piafglutenfree.com\/de\/boutique\/boule-au-levain\/","title":{"rendered":"Sauerteigbrot"},"content":{"rendered":"<div data-elementor-type=\"product-post\" data-elementor-id=\"2729\" class=\"elementor elementor-2729\" data-elementor-post-type=\"product\">\n\t\t\t\t\t\t\t\t\t<section class=\"elementor-section elementor-top-section elementor-element elementor-element-77c8f6a elementor-hidden-desktop elementor-hidden-tablet elementor-section-boxed elementor-section-height-default elementor-section-height-default wpr-particle-no wpr-jarallax-no wpr-parallax-no wpr-sticky-section-no\" data-id=\"77c8f6a\" data-element_type=\"section\">\n\t\t\t\t\t\t<div class=\"elementor-container elementor-column-gap-default\">\n\t\t\t\t\t<div class=\"elementor-column elementor-col-100 elementor-top-column elementor-element elementor-element-0310a6e\" data-id=\"0310a6e\" data-element_type=\"column\">\n\t\t\t<div class=\"elementor-widget-wrap elementor-element-populated\">\n\t\t\t\t\t\t\t\t<div class=\"elementor-element elementor-element-d5d5c51 elementor-widget elementor-widget-image\" data-id=\"d5d5c51\" data-element_type=\"widget\" data-widget_type=\"image.default\">\n\t\t\t\t<div class=\"elementor-widget-container\">\n\t\t\t<style>\/*! elementor - v3.18.0 - 20-12-2023 *\/\n.elementor-widget-image{text-align:center}.elementor-widget-image a{display:inline-block}.elementor-widget-image a img[src$=\".svg\"]{width:48px}.elementor-widget-image img{vertical-align:middle;display:inline-block}<\/style>\t\t\t\t\t\t\t\t\t\t\t\t<img fetchpriority=\"high\" decoding=\"async\" width=\"1024\" height=\"444\" src=\"https:\/\/piafglutenfree.com\/wp-content\/uploads\/2022\/06\/Logos-responsives-telephone-1024x444.png\" class=\"attachment-large size-large wp-image-3855\" alt=\"Certification bio, sans gluten, sans lactose et vegan du produit\" srcset=\"https:\/\/piafglutenfree.com\/wp-content\/uploads\/2022\/06\/Logos-responsives-telephone-1024x444.png 1024w, https:\/\/piafglutenfree.com\/wp-content\/uploads\/2022\/06\/Logos-responsives-telephone-300x130.png 300w, https:\/\/piafglutenfree.com\/wp-content\/uploads\/2022\/06\/Logos-responsives-telephone-768x333.png 768w, https:\/\/piafglutenfree.com\/wp-content\/uploads\/2022\/06\/Logos-responsives-telephone-1536x666.png 1536w, https:\/\/piafglutenfree.com\/wp-content\/uploads\/2022\/06\/Logos-responsives-telephone-2048x888.png 2048w, https:\/\/piafglutenfree.com\/wp-content\/uploads\/2022\/06\/Logos-responsives-telephone-600x260.png 600w\" sizes=\"(max-width: 1024px) 100vw, 1024px\" \/>\t\t\t\t\t\t\t\t\t\t\t\t\t\t\t<\/div>\n\t\t\t\t<\/div>\n\t\t\t\t\t<\/div>\n\t\t<\/div>\n\t\t\t\t\t\t\t<\/div>\n\t\t<\/section>\n\t\t\t\t<section class=\"elementor-section elementor-top-section elementor-element elementor-element-ab3df27 elementor-hidden-mobile elementor-section-boxed elementor-section-height-default elementor-section-height-default wpr-particle-no wpr-jarallax-no wpr-parallax-no wpr-sticky-section-no\" data-id=\"ab3df27\" data-element_type=\"section\">\n\t\t\t\t\t\t<div class=\"elementor-container elementor-column-gap-default\">\n\t\t\t\t\t<div class=\"elementor-column elementor-col-25 elementor-top-column elementor-element elementor-element-1e86eb9\" data-id=\"1e86eb9\" data-element_type=\"column\">\n\t\t\t<div class=\"elementor-widget-wrap elementor-element-populated\">\n\t\t\t\t\t\t\t\t<div class=\"elementor-element elementor-element-f721bc0 elementor-widget elementor-widget-image\" data-id=\"f721bc0\" data-element_type=\"widget\" data-widget_type=\"image.default\">\n\t\t\t\t<div class=\"elementor-widget-container\">\n\t\t\t\t\t\t\t\t\t\t\t\t\t\t\t<img decoding=\"async\" width=\"512\" height=\"512\" src=\"https:\/\/piafglutenfree.com\/wp-content\/uploads\/2022\/06\/bio-1.png\" class=\"attachment-large size-large wp-image-3786\" alt=\"Logo pour certifier que les produits sans gluten Piaf sont \u00e9labor\u00e9s \u00e0 partir de produits issus de l&#039;agriculture biologique.\" srcset=\"https:\/\/piafglutenfree.com\/wp-content\/uploads\/2022\/06\/bio-1.png 512w, https:\/\/piafglutenfree.com\/wp-content\/uploads\/2022\/06\/bio-1-300x300.png 300w, https:\/\/piafglutenfree.com\/wp-content\/uploads\/2022\/06\/bio-1-150x150.png 150w, https:\/\/piafglutenfree.com\/wp-content\/uploads\/2022\/06\/bio-1-100x100.png 100w\" sizes=\"(max-width: 512px) 100vw, 512px\" \/>\t\t\t\t\t\t\t\t\t\t\t\t\t\t\t<\/div>\n\t\t\t\t<\/div>\n\t\t\t\t\t<\/div>\n\t\t<\/div>\n\t\t\t\t<div class=\"elementor-column elementor-col-25 elementor-top-column elementor-element elementor-element-828b63c\" data-id=\"828b63c\" data-element_type=\"column\">\n\t\t\t<div class=\"elementor-widget-wrap elementor-element-populated\">\n\t\t\t\t\t\t\t\t<div class=\"elementor-element elementor-element-b195974 elementor-widget elementor-widget-image\" data-id=\"b195974\" data-element_type=\"widget\" data-widget_type=\"image.default\">\n\t\t\t\t<div class=\"elementor-widget-container\">\n\t\t\t\t\t\t\t\t\t\t\t\t\t\t\t<img decoding=\"async\" width=\"512\" height=\"512\" src=\"https:\/\/piafglutenfree.com\/wp-content\/uploads\/2022\/06\/gluten-free.png\" class=\"attachment-large size-large wp-image-3780\" alt=\"Logo pour confirmer que les produits Piaf sont sans gluten.\" srcset=\"https:\/\/piafglutenfree.com\/wp-content\/uploads\/2022\/06\/gluten-free.png 512w, https:\/\/piafglutenfree.com\/wp-content\/uploads\/2022\/06\/gluten-free-300x300.png 300w, https:\/\/piafglutenfree.com\/wp-content\/uploads\/2022\/06\/gluten-free-150x150.png 150w, https:\/\/piafglutenfree.com\/wp-content\/uploads\/2022\/06\/gluten-free-100x100.png 100w\" sizes=\"(max-width: 512px) 100vw, 512px\" \/>\t\t\t\t\t\t\t\t\t\t\t\t\t\t\t<\/div>\n\t\t\t\t<\/div>\n\t\t\t\t\t<\/div>\n\t\t<\/div>\n\t\t\t\t<div class=\"elementor-column elementor-col-25 elementor-top-column elementor-element elementor-element-c021a5e\" data-id=\"c021a5e\" data-element_type=\"column\">\n\t\t\t<div class=\"elementor-widget-wrap elementor-element-populated\">\n\t\t\t\t\t\t\t\t<div class=\"elementor-element elementor-element-d36560b elementor-widget elementor-widget-image\" data-id=\"d36560b\" data-element_type=\"widget\" data-widget_type=\"image.default\">\n\t\t\t\t<div class=\"elementor-widget-container\">\n\t\t\t\t\t\t\t\t\t\t\t\t\t\t\t<img loading=\"lazy\" decoding=\"async\" width=\"512\" height=\"512\" src=\"https:\/\/piafglutenfree.com\/wp-content\/uploads\/2022\/06\/lactose-free.png\" class=\"attachment-large size-large wp-image-3781\" alt=\"Logo pour confirmer que les produits sans gluten Piaf sont \u00e9galement sans lactose.\" srcset=\"https:\/\/piafglutenfree.com\/wp-content\/uploads\/2022\/06\/lactose-free.png 512w, https:\/\/piafglutenfree.com\/wp-content\/uploads\/2022\/06\/lactose-free-300x300.png 300w, https:\/\/piafglutenfree.com\/wp-content\/uploads\/2022\/06\/lactose-free-150x150.png 150w, https:\/\/piafglutenfree.com\/wp-content\/uploads\/2022\/06\/lactose-free-100x100.png 100w\" sizes=\"(max-width: 512px) 100vw, 512px\" \/>\t\t\t\t\t\t\t\t\t\t\t\t\t\t\t<\/div>\n\t\t\t\t<\/div>\n\t\t\t\t\t<\/div>\n\t\t<\/div>\n\t\t\t\t<div class=\"elementor-column elementor-col-25 elementor-top-column elementor-element elementor-element-a1353fa\" data-id=\"a1353fa\" data-element_type=\"column\">\n\t\t\t<div class=\"elementor-widget-wrap elementor-element-populated\">\n\t\t\t\t\t\t\t\t<div class=\"elementor-element elementor-element-199d3ec elementor-widget elementor-widget-image\" data-id=\"199d3ec\" data-element_type=\"widget\" data-widget_type=\"image.default\">\n\t\t\t\t<div class=\"elementor-widget-container\">\n\t\t\t\t\t\t\t\t\t\t\t\t\t\t\t<img loading=\"lazy\" decoding=\"async\" width=\"512\" height=\"512\" src=\"https:\/\/piafglutenfree.com\/wp-content\/uploads\/2022\/06\/vegan.png\" class=\"attachment-large size-large wp-image-3782\" alt=\"Logo pour confirmer que les produits sans gluten Piaf sont \u00e9galement vegan.\" srcset=\"https:\/\/piafglutenfree.com\/wp-content\/uploads\/2022\/06\/vegan.png 512w, https:\/\/piafglutenfree.com\/wp-content\/uploads\/2022\/06\/vegan-300x300.png 300w, https:\/\/piafglutenfree.com\/wp-content\/uploads\/2022\/06\/vegan-150x150.png 150w, https:\/\/piafglutenfree.com\/wp-content\/uploads\/2022\/06\/vegan-100x100.png 100w\" sizes=\"(max-width: 512px) 100vw, 512px\" \/>\t\t\t\t\t\t\t\t\t\t\t\t\t\t\t<\/div>\n\t\t\t\t<\/div>\n\t\t\t\t\t<\/div>\n\t\t<\/div>\n\t\t\t\t\t\t\t<\/div>\n\t\t<\/section>\n\t\t\t\t<section class=\"elementor-section elementor-top-section elementor-element elementor-element-72e8bf47 elementor-section-boxed elementor-section-height-default elementor-section-height-default wpr-particle-no wpr-jarallax-no wpr-parallax-no wpr-sticky-section-no\" data-id=\"72e8bf47\" data-element_type=\"section\">\n\t\t\t\t\t\t<div class=\"elementor-container elementor-column-gap-default\">\n\t\t\t\t\t<div class=\"elementor-column elementor-col-100 elementor-top-column elementor-element elementor-element-47a96e84\" data-id=\"47a96e84\" data-element_type=\"column\">\n\t\t\t<div class=\"elementor-widget-wrap elementor-element-populated\">\n\t\t\t\t\t\t\t\t<div class=\"elementor-element elementor-element-9509d2f elementor-widget elementor-widget-spacer\" data-id=\"9509d2f\" data-element_type=\"widget\" data-widget_type=\"spacer.default\">\n\t\t\t\t<div class=\"elementor-widget-container\">\n\t\t\t<style>\/*! elementor - v3.18.0 - 20-12-2023 *\/\n.elementor-column .elementor-spacer-inner{height:var(--spacer-size)}.e-con{--container-widget-width:100%}.e-con-inner>.elementor-widget-spacer,.e-con>.elementor-widget-spacer{width:var(--container-widget-width,var(--spacer-size));--align-self:var(--container-widget-align-self,initial);--flex-shrink:0}.e-con-inner>.elementor-widget-spacer>.elementor-widget-container,.e-con>.elementor-widget-spacer>.elementor-widget-container{height:100%;width:100%}.e-con-inner>.elementor-widget-spacer>.elementor-widget-container>.elementor-spacer,.e-con>.elementor-widget-spacer>.elementor-widget-container>.elementor-spacer{height:100%}.e-con-inner>.elementor-widget-spacer>.elementor-widget-container>.elementor-spacer>.elementor-spacer-inner,.e-con>.elementor-widget-spacer>.elementor-widget-container>.elementor-spacer>.elementor-spacer-inner{height:var(--container-widget-height,var(--spacer-size))}.e-con-inner>.elementor-widget-spacer.elementor-widget-empty,.e-con>.elementor-widget-spacer.elementor-widget-empty{position:relative;min-height:22px;min-width:22px}.e-con-inner>.elementor-widget-spacer.elementor-widget-empty .elementor-widget-empty-icon,.e-con>.elementor-widget-spacer.elementor-widget-empty .elementor-widget-empty-icon{position:absolute;top:0;bottom:0;left:0;right:0;margin:auto;padding:0;width:22px;height:22px}<\/style>\t\t<div class=\"elementor-spacer\">\n\t\t\t<div class=\"elementor-spacer-inner\"><\/div>\n\t\t<\/div>\n\t\t\t\t<\/div>\n\t\t\t\t<\/div>\n\t\t\t\t<div class=\"elementor-element elementor-element-90d37e0 elementor-widget elementor-widget-heading\" data-id=\"90d37e0\" data-element_type=\"widget\" data-widget_type=\"heading.default\">\n\t\t\t\t<div class=\"elementor-widget-container\">\n\t\t\t<style>\/*! elementor - v3.18.0 - 20-12-2023 *\/\n.elementor-heading-title{padding:0;margin:0;line-height:1}.elementor-widget-heading .elementor-heading-title[class*=elementor-size-]>a{color:inherit;font-size:inherit;line-height:inherit}.elementor-widget-heading .elementor-heading-title.elementor-size-small{font-size:15px}.elementor-widget-heading .elementor-heading-title.elementor-size-medium{font-size:19px}.elementor-widget-heading .elementor-heading-title.elementor-size-large{font-size:29px}.elementor-widget-heading .elementor-heading-title.elementor-size-xl{font-size:39px}.elementor-widget-heading .elementor-heading-title.elementor-size-xxl{font-size:59px}<\/style><h4 class=\"elementor-heading-title elementor-size-default\">Zusammensetzung<\/h4>\t\t<\/div>\n\t\t\t\t<\/div>\n\t\t\t\t<div class=\"elementor-element elementor-element-686974b5 elementor-widget elementor-widget-text-editor\" data-id=\"686974b5\" data-element_type=\"widget\" data-widget_type=\"text-editor.default\">\n\t\t\t\t<div class=\"elementor-widget-container\">\n\t\t\t<style>\/*! elementor - v3.18.0 - 20-12-2023 *\/\n.elementor-widget-text-editor.elementor-drop-cap-view-stacked .elementor-drop-cap{background-color:#69727d;color:#fff}.elementor-widget-text-editor.elementor-drop-cap-view-framed .elementor-drop-cap{color:#69727d;border:3px solid;background-color:transparent}.elementor-widget-text-editor:not(.elementor-drop-cap-view-default) .elementor-drop-cap{margin-top:8px}.elementor-widget-text-editor:not(.elementor-drop-cap-view-default) .elementor-drop-cap-letter{width:1em;height:1em}.elementor-widget-text-editor .elementor-drop-cap{float:left;text-align:center;line-height:1;font-size:50px}.elementor-widget-text-editor .elementor-drop-cap-letter{display:inline-block}<\/style>\t\t\t\t<p>Wasser, Sauerteig aus Reismehl*, Hirsemehl*, Buchweizenmehl*, Tapiokast\u00e4rke*, Kartoffelst\u00e4rke*, helle Psylliumschalen*, Salz<span class=\"Apple-converted-space\">\u00a0<br \/><\/span>*Aus biologischem Anbau.<br \/><span style=\"background-color: var(--nv-site-bg); font-weight: var(--bodyfontweight); letter-spacing: var(--bodyletterspacing); text-transform: var(--bodytexttransform);\">Spuren von Sesam.<\/span><\/p><p>Unser Labor verarbeitet ausschliesslich glutenfreie Produkte, die keine Spuren von Gluten aufweisen.\u00a0<span style=\"background-color: var(--nv-site-bg); font-weight: var(--bodyfontweight); letter-spacing: var(--bodyletterspacing); text-transform: var(--bodytexttransform);\">So k\u00f6nnen wir garantieren, dass all unsere Produkte ausschliesslich glutenfrei sind.<\/span><\/p>\t\t\t\t\t\t<\/div>\n\t\t\t\t<\/div>\n\t\t\t\t<div class=\"elementor-element elementor-element-7c2bd49 elementor-widget elementor-widget-heading\" data-id=\"7c2bd49\" data-element_type=\"widget\" data-widget_type=\"heading.default\">\n\t\t\t\t<div class=\"elementor-widget-container\">\n\t\t\t<h4 class=\"elementor-heading-title elementor-size-default\">Aufbewahrung<\/h4>\t\t<\/div>\n\t\t\t\t<\/div>\n\t\t\t\t<div class=\"elementor-element elementor-element-d2b41d4 elementor-widget elementor-widget-text-editor\" data-id=\"d2b41d4\" data-element_type=\"widget\" data-widget_type=\"text-editor.default\">\n\t\t\t\t<div class=\"elementor-widget-container\">\n\t\t\t\t\t\t\t<p>Wussten Sie, dass nat\u00fcrlicher Sauerteig die Haltbarkeit von Brot verl\u00e4ngert? Sie k\u00f6nnen Ihr Brot eine Woche lang in einer trockenen, k\u00fchlen und lichtgesch\u00fctzten Umgebung aufbewahren. Wir empfehlen, das Brot in seiner Verpackung oder einem sauberen Tuch aufzubewahren und es nach Bedarf zu schneiden.<span class=\"Apple-converted-space\">\u00a0<br \/><\/span>Sie k\u00f6nnen auch das gesamte Brot in Scheiben schneiden und diese f\u00fcr 2 bis 3 Monate einfrieren. So k\u00f6nnen Sie die Scheiben bei Bedarf leicht entnehmen und sie direkt im Toaster auftauen.<\/p>\t\t\t\t\t\t<\/div>\n\t\t\t\t<\/div>\n\t\t\t\t<div class=\"elementor-element elementor-element-1cabefe elementor-widget elementor-widget-heading\" data-id=\"1cabefe\" data-element_type=\"widget\" data-widget_type=\"heading.default\">\n\t\t\t\t<div class=\"elementor-widget-container\">\n\t\t\t<h4 class=\"elementor-heading-title elementor-size-default\">N\u00e4hrwerte (pro 100 g)<\/h4>\t\t<\/div>\n\t\t\t\t<\/div>\n\t\t\t\t<div class=\"elementor-element elementor-element-7949e63 elementor-widget elementor-widget-text-editor\" data-id=\"7949e63\" data-element_type=\"widget\" data-widget_type=\"text-editor.default\">\n\t\t\t\t<div class=\"elementor-widget-container\">\n\t\t\t\t\t\t\t<p>Energie in kJ: 883 kJ<br \/>Energie in kcal: 208 kcal<br \/>Fett: 1.2 g<br \/>davon ges\u00e4ttigte Fetts\u00e4uren: 0.2 g<br \/>Kohlenhydrate: 45 g<br \/>davon Zucker: &lt; 0.5 g<br \/>Protein: 4.3 g<br \/>Salz: 1 g<\/p>\t\t\t\t\t\t<\/div>\n\t\t\t\t<\/div>\n\t\t\t\t\t<\/div>\n\t\t<\/div>\n\t\t\t\t\t\t\t<\/div>\n\t\t<\/section>\n\t\t\t\t\t\t\t<\/div>","protected":false},"excerpt":{"rendered":"<p style=\"font-size: 24px; color: #ddd3c7;\"><span style=\"color: #1d3d90;\">Bio | Glutenfrei | Laktosefrei | Vegan<\/span><\/p>\n<p>Dieses Brot ist eine kleine Revolution. Wir sind stolz darauf, Ihnen ein glutenfreies Sauerteigbrot anzubieten, das weich und nicht feucht ist, mit einer knusprigen Kruste. 10 Stunden fermentiert, bildet der Sauerteig sch\u00f6ne, leicht unregelm\u00e4\u00dfige Alveolen und entwickelt fruchtige und s\u00e4uerliche Aromen.<\/p>\n<h4><strong>Ungef\u00e4hr 475 g\u00a0<\/strong><\/h4>","protected":false},"featured_media":4209,"template":"","meta":{"neve_meta_sidebar":"","neve_meta_container":"","neve_meta_enable_content_width":"off","neve_meta_content_width":100,"neve_meta_title_alignment":"","neve_meta_author_avatar":"","neve_post_elements_order":"","neve_meta_disable_header":"","neve_meta_disable_footer":"","neve_meta_disable_title":""},"product_cat":[20],"product_tag":[],"giftcard-category":[],"class_list":{"0":"post-2729","1":"product","2":"type-product","3":"status-publish","4":"has-post-thumbnail","6":"product_cat-pain","7":"has-subscription-plans","9":"first","10":"instock","11":"taxable","12":"shipping-taxable","13":"purchasable","14":"product-type-simple"},"yoast_head":"<!-- This site is optimized with the Yoast SEO plugin v21.9 - https:\/\/yoast.com\/wordpress\/plugins\/seo\/ -->\n<title>Boule au levain - Piaf Gluten Free<\/title>\n<meta name=\"robots\" content=\"index, follow, max-snippet:-1, max-image-preview:large, max-video-preview:-1\" \/>\n<link rel=\"canonical\" href=\"https:\/\/piafglutenfree.com\/de\/boutique\/boule-au-levain\/\" \/>\n<meta property=\"og:locale\" content=\"de_DE\" \/>\n<meta property=\"og:type\" content=\"article\" \/>\n<meta property=\"og:title\" content=\"Boule au levain - Piaf Gluten Free\" \/>\n<meta property=\"og:description\" content=\"Bio | Sans gluten | Sans lactose | Vegan Ce pain est une petite r\u00e9volution. Nous sommes fiers de vous proposer un pain boule au levain naturel sans gluten, moelleux sans \u00eatre humide ,avec une cro\u00fbte croustillante. Ferment\u00e9 pendant 10 heures, le levain cr\u00e9e de belles alv\u00e9oles l\u00e9g\u00e8rement irr\u00e9guli\u00e8res et d\u00e9veloppe des ar\u00f4mes fruit\u00e9s et acidul\u00e9s. Environ 475 g\u00a0\" \/>\n<meta property=\"og:url\" content=\"https:\/\/piafglutenfree.com\/de\/boutique\/boule-au-levain\/\" \/>\n<meta property=\"og:site_name\" content=\"Piaf Gluten Free\" \/>\n<meta property=\"article:modified_time\" content=\"2024-02-21T15:28:33+00:00\" \/>\n<meta property=\"og:image\" content=\"https:\/\/piafglutenfree.com\/wp-content\/uploads\/2022\/06\/piaf-gluten-free-shooting-labo-0923-scaled-e1693404320376.jpg\" \/>\n\t<meta property=\"og:image:width\" content=\"1706\" \/>\n\t<meta property=\"og:image:height\" content=\"1365\" \/>\n\t<meta property=\"og:image:type\" content=\"image\/jpeg\" \/>\n<meta name=\"twitter:card\" content=\"summary_large_image\" \/>\n<script type=\"application\/ld+json\" class=\"yoast-schema-graph\">{\"@context\":\"https:\/\/schema.org\",\"@graph\":[{\"@type\":\"WebPage\",\"@id\":\"https:\/\/piafglutenfree.com\/boutique\/boule-au-levain\/\",\"url\":\"https:\/\/piafglutenfree.com\/boutique\/boule-au-levain\/\",\"name\":\"Boule au levain - Piaf Gluten Free\",\"isPartOf\":{\"@id\":\"https:\/\/piafglutenfree.com\/#website\"},\"datePublished\":\"2022-06-18T15:42:45+00:00\",\"dateModified\":\"2024-02-21T15:28:33+00:00\",\"breadcrumb\":{\"@id\":\"https:\/\/piafglutenfree.com\/boutique\/boule-au-levain\/#breadcrumb\"},\"inLanguage\":\"de\",\"potentialAction\":[{\"@type\":\"ReadAction\",\"target\":[\"https:\/\/piafglutenfree.com\/boutique\/boule-au-levain\/\"]}]},{\"@type\":\"BreadcrumbList\",\"@id\":\"https:\/\/piafglutenfree.com\/boutique\/boule-au-levain\/#breadcrumb\",\"itemListElement\":[{\"@type\":\"ListItem\",\"position\":1,\"name\":\"Accueil\",\"item\":\"https:\/\/piafglutenfree.com\/\"},{\"@type\":\"ListItem\",\"position\":2,\"name\":\"Boutique\",\"item\":\"https:\/\/piafglutenfree.com\/boutique\/\"},{\"@type\":\"ListItem\",\"position\":3,\"name\":\"Boule au levain\"}]},{\"@type\":\"WebSite\",\"@id\":\"https:\/\/piafglutenfree.com\/#website\",\"url\":\"https:\/\/piafglutenfree.com\/\",\"name\":\"Piaf Gluten Free\",\"description\":\"Boulangerie artisanale sans gluten\",\"publisher\":{\"@id\":\"https:\/\/piafglutenfree.com\/#organization\"},\"potentialAction\":[{\"@type\":\"SearchAction\",\"target\":{\"@type\":\"EntryPoint\",\"urlTemplate\":\"https:\/\/piafglutenfree.com\/?s={search_term_string}\"},\"query-input\":\"required name=search_term_string\"}],\"inLanguage\":\"de\"},{\"@type\":\"Organization\",\"@id\":\"https:\/\/piafglutenfree.com\/#organization\",\"name\":\"Piaf Gluten Free\",\"url\":\"https:\/\/piafglutenfree.com\/\",\"logo\":{\"@type\":\"ImageObject\",\"inLanguage\":\"de\",\"@id\":\"https:\/\/piafglutenfree.com\/#\/schema\/logo\/image\/\",\"url\":\"https:\/\/piafglutenfree.com\/wp-content\/uploads\/2022\/06\/Piaf_logo_woocommerce.png\",\"contentUrl\":\"https:\/\/piafglutenfree.com\/wp-content\/uploads\/2022\/06\/Piaf_logo_woocommerce.png\",\"width\":408,\"height\":250,\"caption\":\"Piaf Gluten Free\"},\"image\":{\"@id\":\"https:\/\/piafglutenfree.com\/#\/schema\/logo\/image\/\"}}]}<\/script>\n<!-- \/ Yoast SEO plugin. -->","yoast_head_json":{"title":"Boule au levain - Piaf Gluten Free","robots":{"index":"index","follow":"follow","max-snippet":"max-snippet:-1","max-image-preview":"max-image-preview:large","max-video-preview":"max-video-preview:-1"},"canonical":"https:\/\/piafglutenfree.com\/de\/boutique\/boule-au-levain\/","og_locale":"de_DE","og_type":"article","og_title":"Boule au levain - Piaf Gluten Free","og_description":"Bio | Sans gluten | Sans lactose | Vegan Ce pain est une petite r\u00e9volution. Nous sommes fiers de vous proposer un pain boule au levain naturel sans gluten, moelleux sans \u00eatre humide ,avec une cro\u00fbte croustillante. Ferment\u00e9 pendant 10 heures, le levain cr\u00e9e de belles alv\u00e9oles l\u00e9g\u00e8rement irr\u00e9guli\u00e8res et d\u00e9veloppe des ar\u00f4mes fruit\u00e9s et acidul\u00e9s. Environ 475 g\u00a0","og_url":"https:\/\/piafglutenfree.com\/de\/boutique\/boule-au-levain\/","og_site_name":"Piaf Gluten Free","article_modified_time":"2024-02-21T15:28:33+00:00","og_image":[{"width":1706,"height":1365,"url":"https:\/\/piafglutenfree.com\/wp-content\/uploads\/2022\/06\/piaf-gluten-free-shooting-labo-0923-scaled-e1693404320376.jpg","type":"image\/jpeg"}],"twitter_card":"summary_large_image","schema":{"@context":"https:\/\/schema.org","@graph":[{"@type":"WebPage","@id":"https:\/\/piafglutenfree.com\/boutique\/boule-au-levain\/","url":"https:\/\/piafglutenfree.com\/boutique\/boule-au-levain\/","name":"Boule au levain - Piaf Gluten Free","isPartOf":{"@id":"https:\/\/piafglutenfree.com\/#website"},"datePublished":"2022-06-18T15:42:45+00:00","dateModified":"2024-02-21T15:28:33+00:00","breadcrumb":{"@id":"https:\/\/piafglutenfree.com\/boutique\/boule-au-levain\/#breadcrumb"},"inLanguage":"de","potentialAction":[{"@type":"ReadAction","target":["https:\/\/piafglutenfree.com\/boutique\/boule-au-levain\/"]}]},{"@type":"BreadcrumbList","@id":"https:\/\/piafglutenfree.com\/boutique\/boule-au-levain\/#breadcrumb","itemListElement":[{"@type":"ListItem","position":1,"name":"Accueil","item":"https:\/\/piafglutenfree.com\/"},{"@type":"ListItem","position":2,"name":"Boutique","item":"https:\/\/piafglutenfree.com\/boutique\/"},{"@type":"ListItem","position":3,"name":"Boule au levain"}]},{"@type":"WebSite","@id":"https:\/\/piafglutenfree.com\/#website","url":"https:\/\/piafglutenfree.com\/","name":"Piaf Gluten Free","description":"Boulangerie artisanale sans gluten","publisher":{"@id":"https:\/\/piafglutenfree.com\/#organization"},"potentialAction":[{"@type":"SearchAction","target":{"@type":"EntryPoint","urlTemplate":"https:\/\/piafglutenfree.com\/?s={search_term_string}"},"query-input":"required name=search_term_string"}],"inLanguage":"de"},{"@type":"Organization","@id":"https:\/\/piafglutenfree.com\/#organization","name":"Piaf Gluten Free","url":"https:\/\/piafglutenfree.com\/","logo":{"@type":"ImageObject","inLanguage":"de","@id":"https:\/\/piafglutenfree.com\/#\/schema\/logo\/image\/","url":"https:\/\/piafglutenfree.com\/wp-content\/uploads\/2022\/06\/Piaf_logo_woocommerce.png","contentUrl":"https:\/\/piafglutenfree.com\/wp-content\/uploads\/2022\/06\/Piaf_logo_woocommerce.png","width":408,"height":250,"caption":"Piaf Gluten Free"},"image":{"@id":"https:\/\/piafglutenfree.com\/#\/schema\/logo\/image\/"}}]}},"jetpack_sharing_enabled":true,"_links":{"self":[{"href":"https:\/\/piafglutenfree.com\/de\/wp-json\/wp\/v2\/product\/2729","targetHints":{"allow":["GET"]}}],"collection":[{"href":"https:\/\/piafglutenfree.com\/de\/wp-json\/wp\/v2\/product"}],"about":[{"href":"https:\/\/piafglutenfree.com\/de\/wp-json\/wp\/v2\/types\/product"}],"version-history":[{"count":57,"href":"https:\/\/piafglutenfree.com\/de\/wp-json\/wp\/v2\/product\/2729\/revisions"}],"predecessor-version":[{"id":5581,"href":"https:\/\/piafglutenfree.com\/de\/wp-json\/wp\/v2\/product\/2729\/revisions\/5581"}],"wp:featuredmedia":[{"embeddable":true,"href":"https:\/\/piafglutenfree.com\/de\/wp-json\/wp\/v2\/media\/4209"}],"wp:attachment":[{"href":"https:\/\/piafglutenfree.com\/de\/wp-json\/wp\/v2\/media?parent=2729"}],"wp:term":[{"taxonomy":"product_cat","embeddable":true,"href":"https:\/\/piafglutenfree.com\/de\/wp-json\/wp\/v2\/product_cat?post=2729"},{"taxonomy":"product_tag","embeddable":true,"href":"https:\/\/piafglutenfree.com\/de\/wp-json\/wp\/v2\/product_tag?post=2729"},{"taxonomy":"giftcard-category","embeddable":true,"href":"https:\/\/piafglutenfree.com\/de\/wp-json\/wp\/v2\/giftcard-category?post=2729"}],"curies":[{"name":"wp","href":"https:\/\/api.w.org\/{rel}","templated":true}]}}