{"id":2700,"date":"2022-06-18T17:25:30","date_gmt":"2022-06-18T15:25:30","guid":{"rendered":"https:\/\/piafglutenfree.com\/mon-compte\/"},"modified":"2023-09-25T17:43:17","modified_gmt":"2023-09-25T15:43:17","slug":"mon-compte","status":"publish","type":"page","link":"https:\/\/piafglutenfree.com\/de\/mon-compte\/","title":{"rendered":"Mein Konto"},"content":{"rendered":"<div data-elementor-type=\"wp-page\" data-elementor-id=\"2700\" class=\"elementor elementor-2700\" data-elementor-post-type=\"page\">\n\t\t\t\t\t\t\t\t\t<section class=\"elementor-section elementor-top-section elementor-element elementor-element-2f44d06f elementor-section-boxed elementor-section-height-default elementor-section-height-default wpr-particle-no wpr-jarallax-no wpr-parallax-no wpr-sticky-section-no\" data-id=\"2f44d06f\" data-element_type=\"section\">\n\t\t\t\t\t\t<div class=\"elementor-container elementor-column-gap-default\">\n\t\t\t\t\t<div class=\"elementor-column elementor-col-100 elementor-top-column elementor-element elementor-element-78d33fb\" data-id=\"78d33fb\" data-element_type=\"column\">\n\t\t\t<div class=\"elementor-widget-wrap\">\n\t\t\t\t\t\t\t\t\t<\/div>\n\t\t<\/div>\n\t\t\t\t\t\t\t<\/div>\n\t\t<\/section>\n\t\t\t\t<section class=\"elementor-section elementor-top-section elementor-element elementor-element-efb4d50 elementor-section-boxed elementor-section-height-default elementor-section-height-default wpr-particle-no wpr-jarallax-no wpr-parallax-no wpr-sticky-section-no\" data-id=\"efb4d50\" data-element_type=\"section\">\n\t\t\t\t\t\t<div class=\"elementor-container elementor-column-gap-default\">\n\t\t\t\t\t<div class=\"elementor-column elementor-col-100 elementor-top-column elementor-element elementor-element-126e512\" data-id=\"126e512\" data-element_type=\"column\">\n\t\t\t<div class=\"elementor-widget-wrap elementor-element-populated\">\n\t\t\t\t\t\t\t\t<div class=\"elementor-element elementor-element-c9e405f e-my-account-tabs-vertical elementor-widget elementor-widget-woocommerce-my-account\" data-id=\"c9e405f\" data-element_type=\"widget\" data-widget_type=\"woocommerce-my-account.default\">\n\t\t\t\t<div class=\"elementor-widget-container\">\n\t\t\t<link rel=\"stylesheet\" href=\"https:\/\/piafglutenfree.com\/wp-content\/plugins\/elementor-pro\/assets\/css\/widget-woocommerce.min.css\"><div class=\"e-my-account-tab e-my-account-tab__\">\t\t\t<span class=\"elementor-hidden\">[woocommerce_my_account]<\/span>\n\t\t\t<div class=\"woocommerce\"><\/div>\t\t<\/div>\n\t\t\t\t<\/div>\n\t\t\t\t<\/div>\n\t\t\t\t<div class=\"elementor-element elementor-element-8398e50 elementor-widget elementor-widget-spacer\" data-id=\"8398e50\" data-element_type=\"widget\" data-widget_type=\"spacer.default\">\n\t\t\t\t<div class=\"elementor-widget-container\">\n\t\t\t<style>\/*! elementor - v3.18.0 - 20-12-2023 *\/\n.elementor-column .elementor-spacer-inner{height:var(--spacer-size)}.e-con{--container-widget-width:100%}.e-con-inner>.elementor-widget-spacer,.e-con>.elementor-widget-spacer{width:var(--container-widget-width,var(--spacer-size));--align-self:var(--container-widget-align-self,initial);--flex-shrink:0}.e-con-inner>.elementor-widget-spacer>.elementor-widget-container,.e-con>.elementor-widget-spacer>.elementor-widget-container{height:100%;width:100%}.e-con-inner>.elementor-widget-spacer>.elementor-widget-container>.elementor-spacer,.e-con>.elementor-widget-spacer>.elementor-widget-container>.elementor-spacer{height:100%}.e-con-inner>.elementor-widget-spacer>.elementor-widget-container>.elementor-spacer>.elementor-spacer-inner,.e-con>.elementor-widget-spacer>.elementor-widget-container>.elementor-spacer>.elementor-spacer-inner{height:var(--container-widget-height,var(--spacer-size))}.e-con-inner>.elementor-widget-spacer.elementor-widget-empty,.e-con>.elementor-widget-spacer.elementor-widget-empty{position:relative;min-height:22px;min-width:22px}.e-con-inner>.elementor-widget-spacer.elementor-widget-empty .elementor-widget-empty-icon,.e-con>.elementor-widget-spacer.elementor-widget-empty .elementor-widget-empty-icon{position:absolute;top:0;bottom:0;left:0;right:0;margin:auto;padding:0;width:22px;height:22px}<\/style>\t\t<div class=\"elementor-spacer\">\n\t\t\t<div class=\"elementor-spacer-inner\"><\/div>\n\t\t<\/div>\n\t\t\t\t<\/div>\n\t\t\t\t<\/div>\n\t\t\t\t\t<\/div>\n\t\t<\/div>\n\t\t\t\t\t\t\t<\/div>\n\t\t<\/section>\n\t\t\t\t\t\t\t<\/div>","protected":false},"excerpt":{"rendered":"<p>Tableau de bord Commandes T\u00e9l\u00e9chargements Adresses Moyens de paiement D\u00e9tails du compte Abonnements D\u00e9connexion Bonjour glUten22_aliCe (vous n\u2019\u00eates pas glUten22_aliCe\u00a0? D\u00e9connexion) \u00c0 partir du tableau de bord de votre compte, vous pouvez visualiser vos commandes r\u00e9centes, g\u00e9rer vos adresses de livraison et de facturation ainsi que changer votre mot de passe et les d\u00e9tails de votre compte.<\/p>","protected":false},"author":1,"featured_media":0,"parent":0,"menu_order":6,"comment_status":"closed","ping_status":"closed","template":"","meta":{"neve_meta_sidebar":"","neve_meta_container":"","neve_meta_enable_content_width":"off","neve_meta_content_width":100,"neve_meta_title_alignment":"","neve_meta_author_avatar":"","neve_post_elements_order":"","neve_meta_disable_header":"","neve_meta_disable_footer":"","neve_meta_disable_title":"","footnotes":""},"class_list":["post-2700","page","type-page","status-publish","hentry"],"yoast_head":"<!-- This site is optimized with the Yoast SEO plugin v21.9 - https:\/\/yoast.com\/wordpress\/plugins\/seo\/ -->\n<title>Mon compte - Piaf Gluten Free<\/title>\n<meta name=\"robots\" content=\"noindex, follow\" \/>\n<meta property=\"og:locale\" content=\"de_DE\" \/>\n<meta property=\"og:type\" content=\"article\" \/>\n<meta property=\"og:title\" content=\"Mon compte - Piaf Gluten Free\" \/>\n<meta property=\"og:description\" content=\"Tableau de bord Commandes T\u00e9l\u00e9chargements Adresses Moyens de paiement D\u00e9tails du compte Abonnements D\u00e9connexion Bonjour glUten22_aliCe (vous n\u2019\u00eates pas glUten22_aliCe\u00a0? D\u00e9connexion) \u00c0 partir du tableau de bord de votre compte, vous pouvez visualiser vos commandes r\u00e9centes, g\u00e9rer vos adresses de livraison et de facturation ainsi que changer votre mot de passe et les d\u00e9tails de votre compte.\" \/>\n<meta property=\"og:url\" content=\"https:\/\/piafglutenfree.com\/de\/mon-compte\/\" \/>\n<meta property=\"og:site_name\" content=\"Piaf Gluten Free\" \/>\n<meta property=\"article:modified_time\" content=\"2023-09-25T15:43:17+00:00\" \/>\n<meta name=\"twitter:card\" content=\"summary_large_image\" \/>\n<meta name=\"twitter:label1\" content=\"Gesch\u00e4tzte Lesezeit\" \/>\n\t<meta name=\"twitter:data1\" content=\"2\u00a0Minuten\" \/>\n<script type=\"application\/ld+json\" class=\"yoast-schema-graph\">{\"@context\":\"https:\/\/schema.org\",\"@graph\":[{\"@type\":\"WebPage\",\"@id\":\"https:\/\/piafglutenfree.com\/mon-compte\/\",\"url\":\"https:\/\/piafglutenfree.com\/mon-compte\/\",\"name\":\"Mon compte - Piaf Gluten Free\",\"isPartOf\":{\"@id\":\"https:\/\/piafglutenfree.com\/#website\"},\"datePublished\":\"2022-06-18T15:25:30+00:00\",\"dateModified\":\"2023-09-25T15:43:17+00:00\",\"breadcrumb\":{\"@id\":\"https:\/\/piafglutenfree.com\/mon-compte\/#breadcrumb\"},\"inLanguage\":\"de\",\"potentialAction\":[{\"@type\":\"ReadAction\",\"target\":[\"https:\/\/piafglutenfree.com\/mon-compte\/\"]}]},{\"@type\":\"BreadcrumbList\",\"@id\":\"https:\/\/piafglutenfree.com\/mon-compte\/#breadcrumb\",\"itemListElement\":[{\"@type\":\"ListItem\",\"position\":1,\"name\":\"Accueil\",\"item\":\"https:\/\/piafglutenfree.com\/\"},{\"@type\":\"ListItem\",\"position\":2,\"name\":\"Mon compte\"}]},{\"@type\":\"WebSite\",\"@id\":\"https:\/\/piafglutenfree.com\/#website\",\"url\":\"https:\/\/piafglutenfree.com\/\",\"name\":\"Piaf Gluten Free\",\"description\":\"Boulangerie artisanale sans gluten\",\"publisher\":{\"@id\":\"https:\/\/piafglutenfree.com\/#organization\"},\"potentialAction\":[{\"@type\":\"SearchAction\",\"target\":{\"@type\":\"EntryPoint\",\"urlTemplate\":\"https:\/\/piafglutenfree.com\/?s={search_term_string}\"},\"query-input\":\"required name=search_term_string\"}],\"inLanguage\":\"de\"},{\"@type\":\"Organization\",\"@id\":\"https:\/\/piafglutenfree.com\/#organization\",\"name\":\"Piaf Gluten Free\",\"url\":\"https:\/\/piafglutenfree.com\/\",\"logo\":{\"@type\":\"ImageObject\",\"inLanguage\":\"de\",\"@id\":\"https:\/\/piafglutenfree.com\/#\/schema\/logo\/image\/\",\"url\":\"https:\/\/piafglutenfree.com\/wp-content\/uploads\/2022\/06\/Piaf_logo_woocommerce.png\",\"contentUrl\":\"https:\/\/piafglutenfree.com\/wp-content\/uploads\/2022\/06\/Piaf_logo_woocommerce.png\",\"width\":408,\"height\":250,\"caption\":\"Piaf Gluten Free\"},\"image\":{\"@id\":\"https:\/\/piafglutenfree.com\/#\/schema\/logo\/image\/\"}}]}<\/script>\n<!-- \/ Yoast SEO plugin. -->","yoast_head_json":{"title":"Mon compte - Piaf Gluten Free","robots":{"index":"noindex","follow":"follow"},"og_locale":"de_DE","og_type":"article","og_title":"Mon compte - Piaf Gluten Free","og_description":"Tableau de bord Commandes T\u00e9l\u00e9chargements Adresses Moyens de paiement D\u00e9tails du compte Abonnements D\u00e9connexion Bonjour glUten22_aliCe (vous n\u2019\u00eates pas glUten22_aliCe\u00a0? D\u00e9connexion) \u00c0 partir du tableau de bord de votre compte, vous pouvez visualiser vos commandes r\u00e9centes, g\u00e9rer vos adresses de livraison et de facturation ainsi que changer votre mot de passe et les d\u00e9tails de votre compte.","og_url":"https:\/\/piafglutenfree.com\/de\/mon-compte\/","og_site_name":"Piaf Gluten Free","article_modified_time":"2023-09-25T15:43:17+00:00","twitter_card":"summary_large_image","twitter_misc":{"Gesch\u00e4tzte Lesezeit":"2\u00a0Minuten"},"schema":{"@context":"https:\/\/schema.org","@graph":[{"@type":"WebPage","@id":"https:\/\/piafglutenfree.com\/mon-compte\/","url":"https:\/\/piafglutenfree.com\/mon-compte\/","name":"Mon compte - Piaf Gluten Free","isPartOf":{"@id":"https:\/\/piafglutenfree.com\/#website"},"datePublished":"2022-06-18T15:25:30+00:00","dateModified":"2023-09-25T15:43:17+00:00","breadcrumb":{"@id":"https:\/\/piafglutenfree.com\/mon-compte\/#breadcrumb"},"inLanguage":"de","potentialAction":[{"@type":"ReadAction","target":["https:\/\/piafglutenfree.com\/mon-compte\/"]}]},{"@type":"BreadcrumbList","@id":"https:\/\/piafglutenfree.com\/mon-compte\/#breadcrumb","itemListElement":[{"@type":"ListItem","position":1,"name":"Accueil","item":"https:\/\/piafglutenfree.com\/"},{"@type":"ListItem","position":2,"name":"Mon compte"}]},{"@type":"WebSite","@id":"https:\/\/piafglutenfree.com\/#website","url":"https:\/\/piafglutenfree.com\/","name":"Piaf Gluten Free","description":"Boulangerie artisanale sans gluten","publisher":{"@id":"https:\/\/piafglutenfree.com\/#organization"},"potentialAction":[{"@type":"SearchAction","target":{"@type":"EntryPoint","urlTemplate":"https:\/\/piafglutenfree.com\/?s={search_term_string}"},"query-input":"required name=search_term_string"}],"inLanguage":"de"},{"@type":"Organization","@id":"https:\/\/piafglutenfree.com\/#organization","name":"Piaf Gluten Free","url":"https:\/\/piafglutenfree.com\/","logo":{"@type":"ImageObject","inLanguage":"de","@id":"https:\/\/piafglutenfree.com\/#\/schema\/logo\/image\/","url":"https:\/\/piafglutenfree.com\/wp-content\/uploads\/2022\/06\/Piaf_logo_woocommerce.png","contentUrl":"https:\/\/piafglutenfree.com\/wp-content\/uploads\/2022\/06\/Piaf_logo_woocommerce.png","width":408,"height":250,"caption":"Piaf Gluten Free"},"image":{"@id":"https:\/\/piafglutenfree.com\/#\/schema\/logo\/image\/"}}]}},"jetpack_sharing_enabled":true,"_links":{"self":[{"href":"https:\/\/piafglutenfree.com\/de\/wp-json\/wp\/v2\/pages\/2700","targetHints":{"allow":["GET"]}}],"collection":[{"href":"https:\/\/piafglutenfree.com\/de\/wp-json\/wp\/v2\/pages"}],"about":[{"href":"https:\/\/piafglutenfree.com\/de\/wp-json\/wp\/v2\/types\/page"}],"author":[{"embeddable":true,"href":"https:\/\/piafglutenfree.com\/de\/wp-json\/wp\/v2\/users\/1"}],"replies":[{"embeddable":true,"href":"https:\/\/piafglutenfree.com\/de\/wp-json\/wp\/v2\/comments?post=2700"}],"version-history":[{"count":20,"href":"https:\/\/piafglutenfree.com\/de\/wp-json\/wp\/v2\/pages\/2700\/revisions"}],"predecessor-version":[{"id":4523,"href":"https:\/\/piafglutenfree.com\/de\/wp-json\/wp\/v2\/pages\/2700\/revisions\/4523"}],"wp:attachment":[{"href":"https:\/\/piafglutenfree.com\/de\/wp-json\/wp\/v2\/media?parent=2700"}],"curies":[{"name":"wp","href":"https:\/\/api.w.org\/{rel}","templated":true}]}}