{"id":2698,"date":"2022-06-18T17:25:30","date_gmt":"2022-06-18T15:25:30","guid":{"rendered":"https:\/\/piafglutenfree.com\/panier\/"},"modified":"2023-09-22T17:38:13","modified_gmt":"2023-09-22T15:38:13","slug":"panier","status":"publish","type":"page","link":"https:\/\/piafglutenfree.com\/de\/panier\/","title":{"rendered":"Warenkorb"},"content":{"rendered":"<div data-elementor-type=\"wp-page\" data-elementor-id=\"2698\" class=\"elementor elementor-2698\" data-elementor-post-type=\"page\">\n\t\t\t\t\t\t\t\t\t<section class=\"elementor-section elementor-top-section elementor-element elementor-element-625531e3 elementor-section-boxed elementor-section-height-default elementor-section-height-default wpr-particle-no wpr-jarallax-no wpr-parallax-no wpr-sticky-section-no\" data-id=\"625531e3\" data-element_type=\"section\">\n\t\t\t\t\t\t<div class=\"elementor-container elementor-column-gap-default\">\n\t\t\t\t\t<div class=\"elementor-column elementor-col-100 elementor-top-column elementor-element elementor-element-7a269a3\" data-id=\"7a269a3\" data-element_type=\"column\">\n\t\t\t<div class=\"elementor-widget-wrap elementor-element-populated\">\n\t\t\t\t\t\t\t\t\t<\/div>\n\t\t<\/div>\n\t\t\t\t\t\t\t<\/div>\n\t\t<\/section>\n\t\t\t\t\t\t\t<\/div>","protected":false},"excerpt":{"rendered":"<p>Supprimer l\u2019\u00e9l\u00e9ment Miniature Produit Prix Quantit\u00e9 Sous-total &times; Multigraines au levain &#8211; Achat unique &#67;&#72;&#70;&nbsp;13.50 quantit\u00e9 de Multigraines au levain &#8211; Achat unique &#67;&#72;&#70;&nbsp;27.00 Mettre \u00e0 jour le panier Appliquer le code promo Total du panier Sous-total &#67;&#72;&#70;&nbsp;27.00 Exp\u00e9dition Livraison: &#67;&#72;&#70;&nbsp;5.64 Pick-up Chemin des Semailles 9K, 1212 Grand-Lancy Pick-up Colette Tea Room: &#67;&#72;&#70;&nbsp;1.03 Livraison \u00e0 Rue des d\u00e9lices 14, 1203 Gen\u00e8ve. Total &#67;&#72;&#70;&nbsp;32.64 (dont &#067;&#072;&#070;&nbsp;0.80 TVA Taux r\u00e9duit 2.5%) Passer la commande<\/p>","protected":false},"author":1,"featured_media":0,"parent":0,"menu_order":8,"comment_status":"closed","ping_status":"closed","template":"","meta":{"neve_meta_sidebar":"","neve_meta_container":"","neve_meta_enable_content_width":"off","neve_meta_content_width":100,"neve_meta_title_alignment":"","neve_meta_author_avatar":"","neve_post_elements_order":"","neve_meta_disable_header":"","neve_meta_disable_footer":"","neve_meta_disable_title":"","footnotes":""},"class_list":["post-2698","page","type-page","status-publish","hentry"],"yoast_head":"<!-- This site is optimized with the Yoast SEO plugin v21.9 - https:\/\/yoast.com\/wordpress\/plugins\/seo\/ -->\n<title>Panier - Piaf Gluten Free<\/title>\n<meta name=\"robots\" content=\"noindex, follow\" \/>\n<meta property=\"og:locale\" content=\"de_DE\" \/>\n<meta property=\"og:type\" content=\"article\" \/>\n<meta property=\"og:title\" content=\"Panier - Piaf Gluten Free\" \/>\n<meta property=\"og:description\" content=\"Supprimer l\u2019\u00e9l\u00e9ment Miniature Produit Prix Quantit\u00e9 Sous-total &times; Multigraines au levain &#8211; Achat unique &#067;&#072;&#070;&nbsp;13.50 quantit\u00e9 de Multigraines au levain &#8211; Achat unique &#067;&#072;&#070;&nbsp;27.00 Mettre \u00e0 jour le panier Appliquer le code promo Total du panier Sous-total &#067;&#072;&#070;&nbsp;27.00 Exp\u00e9dition Livraison: &#067;&#072;&#070;&nbsp;5.64 Pick-up Chemin des Semailles 9K, 1212 Grand-Lancy Pick-up Colette Tea Room: &#067;&#072;&#070;&nbsp;1.03 Livraison \u00e0 Rue des d\u00e9lices 14, 1203 Gen\u00e8ve. Total &#067;&#072;&#070;&nbsp;32.64 (dont &#067;&#072;&#070;&nbsp;0.80 TVA Taux r\u00e9duit 2.5%) Passer la commande\" \/>\n<meta property=\"og:url\" content=\"https:\/\/piafglutenfree.com\/de\/panier\/\" \/>\n<meta property=\"og:site_name\" content=\"Piaf Gluten Free\" \/>\n<meta property=\"article:modified_time\" content=\"2023-09-22T15:38:13+00:00\" \/>\n<meta property=\"og:image\" content=\"https:\/\/piafglutenfree.com\/wp-content\/uploads\/2023\/08\/piaf-gluten-free-shooting-lifestyle-9646-scaled-e1693325508958-300x240.jpg\" \/>\n<meta name=\"twitter:card\" content=\"summary_large_image\" \/>\n<meta name=\"twitter:label1\" content=\"Gesch\u00e4tzte Lesezeit\" \/>\n\t<meta name=\"twitter:data1\" content=\"1\u00a0Minute\" \/>\n<script type=\"application\/ld+json\" class=\"yoast-schema-graph\">{\"@context\":\"https:\/\/schema.org\",\"@graph\":[{\"@type\":\"WebPage\",\"@id\":\"https:\/\/piafglutenfree.com\/panier\/\",\"url\":\"https:\/\/piafglutenfree.com\/panier\/\",\"name\":\"Panier - Piaf Gluten Free\",\"isPartOf\":{\"@id\":\"https:\/\/piafglutenfree.com\/#website\"},\"datePublished\":\"2022-06-18T15:25:30+00:00\",\"dateModified\":\"2023-09-22T15:38:13+00:00\",\"breadcrumb\":{\"@id\":\"https:\/\/piafglutenfree.com\/panier\/#breadcrumb\"},\"inLanguage\":\"de\",\"potentialAction\":[{\"@type\":\"ReadAction\",\"target\":[\"https:\/\/piafglutenfree.com\/panier\/\"]}]},{\"@type\":\"BreadcrumbList\",\"@id\":\"https:\/\/piafglutenfree.com\/panier\/#breadcrumb\",\"itemListElement\":[{\"@type\":\"ListItem\",\"position\":1,\"name\":\"Accueil\",\"item\":\"https:\/\/piafglutenfree.com\/\"},{\"@type\":\"ListItem\",\"position\":2,\"name\":\"Panier\"}]},{\"@type\":\"WebSite\",\"@id\":\"https:\/\/piafglutenfree.com\/#website\",\"url\":\"https:\/\/piafglutenfree.com\/\",\"name\":\"Piaf Gluten Free\",\"description\":\"Boulangerie artisanale sans gluten\",\"publisher\":{\"@id\":\"https:\/\/piafglutenfree.com\/#organization\"},\"potentialAction\":[{\"@type\":\"SearchAction\",\"target\":{\"@type\":\"EntryPoint\",\"urlTemplate\":\"https:\/\/piafglutenfree.com\/?s={search_term_string}\"},\"query-input\":\"required name=search_term_string\"}],\"inLanguage\":\"de\"},{\"@type\":\"Organization\",\"@id\":\"https:\/\/piafglutenfree.com\/#organization\",\"name\":\"Piaf Gluten Free\",\"url\":\"https:\/\/piafglutenfree.com\/\",\"logo\":{\"@type\":\"ImageObject\",\"inLanguage\":\"de\",\"@id\":\"https:\/\/piafglutenfree.com\/#\/schema\/logo\/image\/\",\"url\":\"https:\/\/piafglutenfree.com\/wp-content\/uploads\/2022\/06\/Piaf_logo_woocommerce.png\",\"contentUrl\":\"https:\/\/piafglutenfree.com\/wp-content\/uploads\/2022\/06\/Piaf_logo_woocommerce.png\",\"width\":408,\"height\":250,\"caption\":\"Piaf Gluten Free\"},\"image\":{\"@id\":\"https:\/\/piafglutenfree.com\/#\/schema\/logo\/image\/\"}}]}<\/script>\n<!-- \/ Yoast SEO plugin. -->","yoast_head_json":{"title":"Panier - Piaf Gluten Free","robots":{"index":"noindex","follow":"follow"},"og_locale":"de_DE","og_type":"article","og_title":"Panier - Piaf Gluten Free","og_description":"Supprimer l\u2019\u00e9l\u00e9ment Miniature Produit Prix Quantit\u00e9 Sous-total &times; Multigraines au levain &#8211; Achat unique &#67;&#72;&#70;&nbsp;13.50 quantit\u00e9 de Multigraines au levain &#8211; Achat unique &#67;&#72;&#70;&nbsp;27.00 Mettre \u00e0 jour le panier Appliquer le code promo Total du panier Sous-total &#67;&#72;&#70;&nbsp;27.00 Exp\u00e9dition Livraison: &#67;&#72;&#70;&nbsp;5.64 Pick-up Chemin des Semailles 9K, 1212 Grand-Lancy Pick-up Colette Tea Room: &#67;&#72;&#70;&nbsp;1.03 Livraison \u00e0 Rue des d\u00e9lices 14, 1203 Gen\u00e8ve. Total &#67;&#72;&#70;&nbsp;32.64 (dont &#067;&#072;&#070;&nbsp;0.80 TVA Taux r\u00e9duit 2.5%) Passer la commande","og_url":"https:\/\/piafglutenfree.com\/de\/panier\/","og_site_name":"Piaf Gluten Free","article_modified_time":"2023-09-22T15:38:13+00:00","og_image":[{"url":"https:\/\/piafglutenfree.com\/wp-content\/uploads\/2023\/08\/piaf-gluten-free-shooting-lifestyle-9646-scaled-e1693325508958-300x240.jpg"}],"twitter_card":"summary_large_image","twitter_misc":{"Gesch\u00e4tzte Lesezeit":"1\u00a0Minute"},"schema":{"@context":"https:\/\/schema.org","@graph":[{"@type":"WebPage","@id":"https:\/\/piafglutenfree.com\/panier\/","url":"https:\/\/piafglutenfree.com\/panier\/","name":"Panier - Piaf Gluten Free","isPartOf":{"@id":"https:\/\/piafglutenfree.com\/#website"},"datePublished":"2022-06-18T15:25:30+00:00","dateModified":"2023-09-22T15:38:13+00:00","breadcrumb":{"@id":"https:\/\/piafglutenfree.com\/panier\/#breadcrumb"},"inLanguage":"de","potentialAction":[{"@type":"ReadAction","target":["https:\/\/piafglutenfree.com\/panier\/"]}]},{"@type":"BreadcrumbList","@id":"https:\/\/piafglutenfree.com\/panier\/#breadcrumb","itemListElement":[{"@type":"ListItem","position":1,"name":"Accueil","item":"https:\/\/piafglutenfree.com\/"},{"@type":"ListItem","position":2,"name":"Panier"}]},{"@type":"WebSite","@id":"https:\/\/piafglutenfree.com\/#website","url":"https:\/\/piafglutenfree.com\/","name":"Piaf Gluten Free","description":"Boulangerie artisanale sans gluten","publisher":{"@id":"https:\/\/piafglutenfree.com\/#organization"},"potentialAction":[{"@type":"SearchAction","target":{"@type":"EntryPoint","urlTemplate":"https:\/\/piafglutenfree.com\/?s={search_term_string}"},"query-input":"required name=search_term_string"}],"inLanguage":"de"},{"@type":"Organization","@id":"https:\/\/piafglutenfree.com\/#organization","name":"Piaf Gluten Free","url":"https:\/\/piafglutenfree.com\/","logo":{"@type":"ImageObject","inLanguage":"de","@id":"https:\/\/piafglutenfree.com\/#\/schema\/logo\/image\/","url":"https:\/\/piafglutenfree.com\/wp-content\/uploads\/2022\/06\/Piaf_logo_woocommerce.png","contentUrl":"https:\/\/piafglutenfree.com\/wp-content\/uploads\/2022\/06\/Piaf_logo_woocommerce.png","width":408,"height":250,"caption":"Piaf Gluten Free"},"image":{"@id":"https:\/\/piafglutenfree.com\/#\/schema\/logo\/image\/"}}]}},"jetpack_sharing_enabled":true,"_links":{"self":[{"href":"https:\/\/piafglutenfree.com\/de\/wp-json\/wp\/v2\/pages\/2698","targetHints":{"allow":["GET"]}}],"collection":[{"href":"https:\/\/piafglutenfree.com\/de\/wp-json\/wp\/v2\/pages"}],"about":[{"href":"https:\/\/piafglutenfree.com\/de\/wp-json\/wp\/v2\/types\/page"}],"author":[{"embeddable":true,"href":"https:\/\/piafglutenfree.com\/de\/wp-json\/wp\/v2\/users\/1"}],"replies":[{"embeddable":true,"href":"https:\/\/piafglutenfree.com\/de\/wp-json\/wp\/v2\/comments?post=2698"}],"version-history":[{"count":60,"href":"https:\/\/piafglutenfree.com\/de\/wp-json\/wp\/v2\/pages\/2698\/revisions"}],"predecessor-version":[{"id":4412,"href":"https:\/\/piafglutenfree.com\/de\/wp-json\/wp\/v2\/pages\/2698\/revisions\/4412"}],"wp:attachment":[{"href":"https:\/\/piafglutenfree.com\/de\/wp-json\/wp\/v2\/media?parent=2698"}],"curies":[{"name":"wp","href":"https:\/\/api.w.org\/{rel}","templated":true}]}}